{"id":514,"date":"2025-01-19T05:36:05","date_gmt":"2025-01-19T05:36:05","guid":{"rendered":"http:\/\/inroom.fr\/?page_id=514"},"modified":"2025-04-16T15:42:02","modified_gmt":"2025-04-16T15:42:02","slug":"geolocalisation","status":"publish","type":"page","link":"https:\/\/inroom.fr\/en\/fonctionnalites\/geolocalisation\/","title":{"rendered":"G\u00e9olocalisation"},"content":{"rendered":"<div data-elementor-type=\"wp-page\" data-elementor-id=\"514\" class=\"elementor elementor-514\" data-elementor-post-type=\"page\">\n\t\t\t\t<div class=\"elementor-element elementor-element-04bb132 e-transform e-flex e-con-boxed e-con e-parent\" data-id=\"04bb132\" data-element_type=\"container\" data-settings=\"{&quot;animation&quot;:&quot;none&quot;,&quot;background_background&quot;:&quot;classic&quot;,&quot;_transform_translateX_effect&quot;:{&quot;unit&quot;:&quot;px&quot;,&quot;size&quot;:&quot;&quot;,&quot;sizes&quot;:[]},&quot;_transform_translateX_effect_tablet&quot;:{&quot;unit&quot;:&quot;px&quot;,&quot;size&quot;:&quot;&quot;,&quot;sizes&quot;:[]},&quot;_transform_translateX_effect_mobile&quot;:{&quot;unit&quot;:&quot;px&quot;,&quot;size&quot;:&quot;&quot;,&quot;sizes&quot;:[]},&quot;_transform_translateY_effect&quot;:{&quot;unit&quot;:&quot;px&quot;,&quot;size&quot;:&quot;&quot;,&quot;sizes&quot;:[]},&quot;_transform_translateY_effect_tablet&quot;:{&quot;unit&quot;:&quot;px&quot;,&quot;size&quot;:&quot;&quot;,&quot;sizes&quot;:[]},&quot;_transform_translateY_effect_mobile&quot;:{&quot;unit&quot;:&quot;px&quot;,&quot;size&quot;:&quot;&quot;,&quot;sizes&quot;:[]}}\">\n\t\t\t\t\t<div class=\"e-con-inner\">\n\t\t<div class=\"elementor-element elementor-element-66340d0 e-con-full e-flex e-con e-child\" data-id=\"66340d0\" data-element_type=\"container\">\n\t\t\t\t<div class=\"elementor-element elementor-element-0713f1a elementor-view-default elementor-widget elementor-widget-icon\" data-id=\"0713f1a\" data-element_type=\"widget\" data-widget_type=\"icon.default\">\n\t\t\t\t<div class=\"elementor-widget-container\">\n\t\t\t\t\t\t\t<div class=\"elementor-icon-wrapper\">\n\t\t\t<a class=\"elementor-icon\" href=\"https:\/\/inroom.fr\/en\">\n\t\t\t<svg xmlns=\"http:\/\/www.w3.org\/2000\/svg\" width=\"16.059\" height=\"14.051\" viewbox=\"0 0 16.059 14.051\"><path id=\"Icon_open-home\" data-name=\"Icon open-home\" d=\"M8.029,0,0,6.022H2.007v8.029H6.022V10.037h4.015v4.015h4.015V5.962l2.007.06Z\"><\/path><\/svg>\t\t\t<\/a>\n\t\t<\/div>\n\t\t\t\t\t\t<\/div>\n\t\t\t\t<\/div>\n\t\t\t\t<div class=\"elementor-element elementor-element-c1a1934 elementor-widget elementor-widget-text-editor\" data-id=\"c1a1934\" data-element_type=\"widget\" data-widget_type=\"text-editor.default\">\n\t\t\t\t<div class=\"elementor-widget-container\">\n\t\t\t\t\t\t\t\t\t<p><a href=\"\/en\/fonctionnalites\/\">Fonctionnalit\u00e9s<\/a> &gt; <strong>G\u00e9olocalisation<\/strong><\/p>\t\t\t\t\t\t\t\t<\/div>\n\t\t\t\t<\/div>\n\t\t\t\t<\/div>\n\t\t\t\t<div class=\"elementor-element elementor-element-5b0906f elementor-view-default elementor-widget elementor-widget-icon\" data-id=\"5b0906f\" data-element_type=\"widget\" data-widget_type=\"icon.default\">\n\t\t\t\t<div class=\"elementor-widget-container\">\n\t\t\t\t\t\t\t<div class=\"elementor-icon-wrapper\">\n\t\t\t<div class=\"elementor-icon\">\n\t\t\t<svg xmlns=\"http:\/\/www.w3.org\/2000\/svg\" xmlns:xlink=\"http:\/\/www.w3.org\/1999\/xlink\" id=\"Component_8_1\" data-name=\"Component 8 &#x2013; 1\" width=\"188\" height=\"188\" viewbox=\"0 0 188 188\"><defs><clippath id=\"clip-path\"><rect id=\"Rectangle_209\" data-name=\"Rectangle 209\" width=\"110.688\" height=\"108.113\" fill=\"#fff\" stroke=\"#733bff\" stroke-width=\"2\"><\/rect><\/clippath><\/defs><rect id=\"Rectangle_3075\" data-name=\"Rectangle 3075\" width=\"188\" height=\"188\" rx=\"50\" fill=\"#733bff\"><\/rect><g id=\"Group_162\" data-name=\"Group 162\" transform=\"translate(39.552 39.943)\"><g id=\"Group_120\" data-name=\"Group 120\" clip-path=\"url(#clip-path)\"><path id=\"Path_108\" data-name=\"Path 108\" d=\"M22.638,197.477a3.862,3.862,0,0,1-2.589,4.808,35.154,35.154,0,0,0-9.909,4.36c-2.226,1.579-2.418,2.6-2.418,2.863s.193,1.284,2.418,2.863a35.174,35.174,0,0,0,9.909,4.361c8.866,2.659,21.345,4.361,35.294,4.361s26.429-1.7,35.294-4.361a35.174,35.174,0,0,0,9.909-4.361c2.226-1.578,2.418-2.6,2.418-2.863s-.193-1.283-2.418-2.862a35.127,35.127,0,0,0-9.909-4.361,3.862,3.862,0,0,1,2.219-7.4,42.532,42.532,0,0,1,12.157,5.459c2.985,2.116,5.673,5.156,5.673,9.161s-2.688,7.044-5.673,9.162a42.531,42.531,0,0,1-12.157,5.458c-9.767,2.93-23.029,4.686-37.513,4.686s-27.746-1.756-37.513-4.686a42.538,42.538,0,0,1-12.158-5.458C2.688,216.552,0,213.512,0,209.508s2.688-7.044,5.673-9.161a42.54,42.54,0,0,1,12.158-5.459A3.862,3.862,0,0,1,22.638,197.477Z\" transform=\"translate(0 -120.701)\" fill=\"#fff\" stroke=\"#733bff\" stroke-width=\"2\" fill-rule=\"evenodd\"><\/path><path id=\"Path_109\" data-name=\"Path 109\" d=\"M47.4,36.505C47.4,16.254,64.2,0,84.725,0S122.05,16.254,122.05,36.505c0,14.232-9.314,26.973-17.821,35.746a116.774,116.774,0,0,1-11.9,10.64c-1.621,1.264-2.977,2.252-3.935,2.93-.479.339-.859.6-1.124.78l-.308.208-.086.057-.025.016-.008,0s0,0-2.117-3.229c-2.112,3.232-2.113,3.232-2.114,3.231l-.011-.007-.025-.016-.086-.057-.308-.208c-.265-.18-.644-.441-1.124-.78-.958-.678-2.313-1.666-3.935-2.93a116.815,116.815,0,0,1-11.9-10.64C56.714,63.478,47.4,50.737,47.4,36.505ZM84.725,83.659,82.611,86.89a3.865,3.865,0,0,0,4.227,0Zm0-4.708c.782-.567,1.75-1.288,2.855-2.149a109.22,109.22,0,0,0,11.105-9.926c8.225-8.483,15.643-19.319,15.643-30.37,0-15.807-13.163-28.784-29.6-28.784s-29.6,12.976-29.6,28.784c0,11.052,7.418,21.887,15.643,30.37A109.179,109.179,0,0,0,81.87,76.8c1.105.861,2.073,1.582,2.855,2.149\" transform=\"translate(-29.381 0.001)\" fill=\"#fff\" stroke=\"#733bff\" stroke-width=\"2\" fill-rule=\"evenodd\"><\/path><path id=\"Path_110\" data-name=\"Path 110\" d=\"M101.572,70.9A16.732,16.732,0,1,1,118.3,87.635,16.732,16.732,0,0,1,101.572,70.9M118.3,61.894a9.009,9.009,0,1,0,9.009,9.009,9.01,9.01,0,0,0-9.009-9.009\" transform=\"translate(-62.96 -33.579)\" fill=\"#fff\" stroke=\"#733bff\" stroke-width=\"2\" fill-rule=\"evenodd\"><\/path><\/g><\/g><\/svg>\t\t\t<\/div>\n\t\t<\/div>\n\t\t\t\t\t\t<\/div>\n\t\t\t\t<\/div>\n\t\t<div class=\"elementor-element elementor-element-e23adcd e-con-full e-flex e-con e-child\" data-id=\"e23adcd\" data-element_type=\"container\">\n\t\t\t\t<div class=\"elementor-element elementor-element-385f583 elementor-widget elementor-widget-motta-heading\" data-id=\"385f583\" data-element_type=\"widget\" data-widget_type=\"motta-heading.default\">\n\t\t\t\t<div class=\"elementor-widget-container\">\n\t\t\t\t\t\t\t<div class=\"motta-heading-elementor motta-heading__button-on\">\r\n\t\t\t\t<h2 class=\"motta-heading motta-heading--default\">\r\n\t\t\t\t\tG\u00e9olocalisation \t\t\t\t<\/h2>\r\n\t\t\t\t\t\t\t<\/div>\r\n\t\t\t\t\t\t<\/div>\n\t\t\t\t<\/div>\n\t\t\t\t<div class=\"elementor-element elementor-element-ab7f38e elementor-view-default elementor-widget elementor-widget-icon\" data-id=\"ab7f38e\" data-element_type=\"widget\" data-widget_type=\"icon.default\">\n\t\t\t\t<div class=\"elementor-widget-container\">\n\t\t\t\t\t\t\t<div class=\"elementor-icon-wrapper\">\n\t\t\t<div class=\"elementor-icon\">\n\t\t\t<svg xmlns=\"http:\/\/www.w3.org\/2000\/svg\" width=\"45\" height=\"45\" viewbox=\"0 0 45 45\"><path id=\"Path_103\" data-name=\"Path 103\" d=\"M629,21.3V0H619.6V13.484a4.313,4.313,0,0,1-4.313,4.313H601.8V27.2h12.16A6.284,6.284,0,0,0,619.6,23.7V45H629V31.516a4.313,4.313,0,0,1,4.313-4.313H646.8V17.8H634.9A6.709,6.709,0,0,0,629,21.3\" transform=\"translate(-601.8)\" fill=\"#733bff\"><\/path><\/svg>\t\t\t<\/div>\n\t\t<\/div>\n\t\t\t\t\t\t<\/div>\n\t\t\t\t<\/div>\n\t\t\t\t<\/div>\n\t\t\t\t<div class=\"elementor-element elementor-element-b36ceb1 elementor-widget elementor-widget-text-editor\" data-id=\"b36ceb1\" data-element_type=\"widget\" data-widget_type=\"text-editor.default\">\n\t\t\t\t<div class=\"elementor-widget-container\">\n\t\t\t\t\t\t\t\t\t<p>D\u00e9tection automatique de votre \u00e9tablissement au lancement de l\u2019application<\/p>\t\t\t\t\t\t\t\t<\/div>\n\t\t\t\t<\/div>\n\t\t<div class=\"elementor-element elementor-element-2a6dbd4 e-con-full e-flex e-con e-child\" data-id=\"2a6dbd4\" data-element_type=\"container\">\n\t\t\t\t<div class=\"elementor-element elementor-element-04842d3 elementor-widget__width-auto elementor-widget elementor-widget-motta-button\" data-id=\"04842d3\" data-element_type=\"widget\" data-widget_type=\"motta-button.default\">\n\t\t\t\t<div class=\"elementor-widget-container\">\n\t\t\t\t\t\t\t<a class=\"motta-button motta-button-primary  motta-button--base  motta-button--large\" href=\"http:\/\/inroom.fr\/en\/tarifs\/\">\n\t\t\t\t\t\t\t\t<span class=\"motta-button__icon motta-svg-icon motta-align-icon-right\">\n\t\t\t\t<svg aria-hidden=\"true\" class=\"e-font-icon-svg e-fas-arrow-right\" viewbox=\"0 0 448 512\" xmlns=\"http:\/\/www.w3.org\/2000\/svg\"><path d=\"M190.5 66.9l22.2-22.2c9.4-9.4 24.6-9.4 33.9 0L441 239c9.4 9.4 9.4 24.6 0 33.9L246.6 467.3c-9.4 9.4-24.6 9.4-33.9 0l-22.2-22.2c-9.5-9.5-9.3-25 .4-34.3L311.4 296H24c-13.3 0-24-10.7-24-24v-32c0-13.3 10.7-24 24-24h287.4L190.9 101.2c-9.8-9.3-10-24.8-.4-34.3z\"><\/path><\/svg>\t\t\t<\/span>\n\t\t\t\t\t\t\t\t\t<span class=\"motta-button__text\">Essai gratuit (30 jours)<\/span>\n\t\t\t\t\t\t<\/a>\n\t\t\t\t\t\t<\/div>\n\t\t\t\t<\/div>\n\t\t\t\t<div class=\"elementor-element elementor-element-f4702bb elementor-widget__width-auto elementor-widget elementor-widget-motta-button\" data-id=\"f4702bb\" data-element_type=\"widget\" data-widget_type=\"motta-button.default\">\n\t\t\t\t<div class=\"elementor-widget-container\">\n\t\t\t\t\t\t\t<a class=\"motta-button motta-button-primary  motta-button--ghost  motta-button--color-black  motta-button--large\" href=\"https:\/\/inroom.fr\/en\/decouverte\/\">\n\t\t\t\t\t\t\t\t<span class=\"motta-button__icon motta-svg-icon motta-align-icon-right\">\n\t\t\t\t<svg aria-hidden=\"true\" class=\"e-font-icon-svg e-fas-arrow-right\" viewbox=\"0 0 448 512\" xmlns=\"http:\/\/www.w3.org\/2000\/svg\"><path d=\"M190.5 66.9l22.2-22.2c9.4-9.4 24.6-9.4 33.9 0L441 239c9.4 9.4 9.4 24.6 0 33.9L246.6 467.3c-9.4 9.4-24.6 9.4-33.9 0l-22.2-22.2c-9.5-9.5-9.3-25 .4-34.3L311.4 296H24c-13.3 0-24-10.7-24-24v-32c0-13.3 10.7-24 24-24h287.4L190.9 101.2c-9.8-9.3-10-24.8-.4-34.3z\"><\/path><\/svg>\t\t\t<\/span>\n\t\t\t\t\t\t\t\t\t<span class=\"motta-button__text\">Demander une d\u00e9mo<\/span>\n\t\t\t\t\t\t<\/a>\n\t\t\t\t\t\t<\/div>\n\t\t\t\t<\/div>\n\t\t\t\t<\/div>\n\t\t\t\t\t<\/div>\n\t\t\t\t<\/div>\n\t\t<div class=\"elementor-element elementor-element-025a837 e-transform e-flex e-con-boxed e-con e-parent\" data-id=\"025a837\" data-element_type=\"container\" data-settings=\"{&quot;background_background&quot;:&quot;classic&quot;,&quot;_transform_translateY_effect&quot;:{&quot;unit&quot;:&quot;px&quot;,&quot;size&quot;:-60,&quot;sizes&quot;:[]},&quot;_transform_translateX_effect&quot;:{&quot;unit&quot;:&quot;px&quot;,&quot;size&quot;:&quot;&quot;,&quot;sizes&quot;:[]},&quot;_transform_translateX_effect_tablet&quot;:{&quot;unit&quot;:&quot;px&quot;,&quot;size&quot;:&quot;&quot;,&quot;sizes&quot;:[]},&quot;_transform_translateX_effect_mobile&quot;:{&quot;unit&quot;:&quot;px&quot;,&quot;size&quot;:&quot;&quot;,&quot;sizes&quot;:[]},&quot;_transform_translateY_effect_tablet&quot;:{&quot;unit&quot;:&quot;px&quot;,&quot;size&quot;:&quot;&quot;,&quot;sizes&quot;:[]},&quot;_transform_translateY_effect_mobile&quot;:{&quot;unit&quot;:&quot;px&quot;,&quot;size&quot;:&quot;&quot;,&quot;sizes&quot;:[]}}\">\n\t\t\t\t\t<div class=\"e-con-inner\">\n\t\t<div class=\"elementor-element elementor-element-65fc420 e-con-full e-flex e-con e-child\" data-id=\"65fc420\" data-element_type=\"container\">\n\t\t\t\t<div class=\"elementor-element elementor-element-6a37212 elementor-view-default elementor-widget elementor-widget-icon\" data-id=\"6a37212\" data-element_type=\"widget\" data-widget_type=\"icon.default\">\n\t\t\t\t<div class=\"elementor-widget-container\">\n\t\t\t\t\t\t\t<div class=\"elementor-icon-wrapper\">\n\t\t\t<div class=\"elementor-icon\">\n\t\t\t<svg xmlns=\"http:\/\/www.w3.org\/2000\/svg\" xmlns:xlink=\"http:\/\/www.w3.org\/1999\/xlink\" id=\"Group_17138\" data-name=\"Group 17138\" width=\"22.302\" height=\"21.783\" viewbox=\"0 0 22.302 21.783\"><defs><clippath id=\"clip-path\"><rect id=\"Rectangle_209\" data-name=\"Rectangle 209\" width=\"22.302\" height=\"21.783\" fill=\"#733bff\"><\/rect><\/clippath><\/defs><g id=\"Group_120\" data-name=\"Group 120\" clip-path=\"url(#clip-path)\"><path id=\"Path_108\" data-name=\"Path 108\" d=\"M4.561,195.279a.778.778,0,0,1-.522.969,7.083,7.083,0,0,0-2,.878c-.448.318-.487.524-.487.577s.039.259.487.577a7.087,7.087,0,0,0,2,.879,25.9,25.9,0,0,0,7.111.879,25.9,25.9,0,0,0,7.111-.879,7.087,7.087,0,0,0,2-.879c.448-.318.487-.524.487-.577s-.039-.259-.487-.577a7.077,7.077,0,0,0-2-.879.778.778,0,0,1,.447-1.49,8.569,8.569,0,0,1,2.45,1.1,2.062,2.062,0,0,1,0,3.692,8.569,8.569,0,0,1-2.45,1.1,27.418,27.418,0,0,1-7.558.944,27.418,27.418,0,0,1-7.558-.944,8.571,8.571,0,0,1-2.45-1.1,2.062,2.062,0,0,1,0-3.692,8.571,8.571,0,0,1,2.45-1.1A.778.778,0,0,1,4.561,195.279Z\" transform=\"translate(0 -179.81)\" fill=\"#733bff\" fill-rule=\"evenodd\"><\/path><path id=\"Path_109\" data-name=\"Path 109\" d=\"M47.4,7.355a7.522,7.522,0,0,1,15.041,0c0,2.868-1.877,5.435-3.591,7.2a23.529,23.529,0,0,1-2.4,2.144c-.327.255-.6.454-.793.59-.1.068-.173.121-.226.157l-.062.042-.017.011-.005,0h0s0,0-.427-.651l-.426.651h0l-.005,0-.017-.011-.062-.042c-.053-.036-.13-.089-.226-.157-.193-.137-.466-.336-.793-.59a23.537,23.537,0,0,1-2.4-2.144C49.277,12.789,47.4,10.222,47.4,7.355Zm7.521,9.5-.426.651a.779.779,0,0,0,.852,0Zm0-.949c.157-.114.353-.259.575-.433a22.006,22.006,0,0,0,2.238-2c1.657-1.709,3.152-3.892,3.152-6.119a5.967,5.967,0,0,0-11.929,0c0,2.227,1.495,4.41,3.152,6.119a22,22,0,0,0,2.237,2c.223.174.418.319.575.433\" transform=\"translate(-43.769 0.001)\" fill=\"#733bff\" fill-rule=\"evenodd\"><\/path><path id=\"Path_110\" data-name=\"Path 110\" d=\"M101.572,57.543a3.371,3.371,0,1,1,3.371,3.371,3.371,3.371,0,0,1-3.371-3.371m3.371-1.815a1.815,1.815,0,1,0,1.815,1.815,1.815,1.815,0,0,0-1.815-1.815\" transform=\"translate(-93.792 -50.023)\" fill=\"#733bff\" fill-rule=\"evenodd\"><\/path><\/g><\/svg>\t\t\t<\/div>\n\t\t<\/div>\n\t\t\t\t\t\t<\/div>\n\t\t\t\t<\/div>\n\t\t\t\t<div class=\"elementor-element elementor-element-9e5da35 elementor-widget elementor-widget-motta-heading\" data-id=\"9e5da35\" data-element_type=\"widget\" data-widget_type=\"motta-heading.default\">\n\t\t\t\t<div class=\"elementor-widget-container\">\n\t\t\t\t\t\t\t<div class=\"motta-heading-elementor motta-heading__button-on\">\r\n\t\t\t\t<h2 class=\"motta-heading motta-heading--default\">\r\n\t\t\t\t\tFonctionnement de la d\u00e9tection\n\t\t\t\t<\/h2>\r\n\t\t\t\t\t\t\t<\/div>\r\n\t\t\t\t\t\t<\/div>\n\t\t\t\t<\/div>\n\t\t\t\t<div class=\"elementor-element elementor-element-d61d283 elementor-widget elementor-widget-text-editor\" data-id=\"d61d283\" data-element_type=\"widget\" data-widget_type=\"text-editor.default\">\n\t\t\t\t<div class=\"elementor-widget-container\">\n\t\t\t\t\t\t\t\t\t<p>Lorsque votre client ouvre l\u2019application inroom pour la premi\u00e8re fois, une d\u00e9tection automatique est d\u00e9clench\u00e9e pour afficher directement votre \u00e9tablissement s\u2019il est \u00e0 proximit\u00e9.<\/p>\t\t\t\t\t\t\t\t<\/div>\n\t\t\t\t<\/div>\n\t\t\t\t<div class=\"elementor-element elementor-element-db40812 btn-bubble-b elementor-widget elementor-widget-motta-button\" data-id=\"db40812\" data-element_type=\"widget\" data-widget_type=\"motta-button.default\">\n\t\t\t\t<div class=\"elementor-widget-container\">\n\t\t\t\t\t\t\t<a class=\"motta-button motta-button-primary  motta-button--base  motta-button--medium\" href=\"https:\/\/inroom.fr\/en\/decouverte\/\">\n\t\t\t\t\t\t\t\t<span class=\"motta-button__icon motta-svg-icon motta-align-icon-right\">\n\t\t\t\t<svg aria-hidden=\"true\" class=\"e-font-icon-svg e-fas-arrow-right\" viewbox=\"0 0 448 512\" xmlns=\"http:\/\/www.w3.org\/2000\/svg\"><path d=\"M190.5 66.9l22.2-22.2c9.4-9.4 24.6-9.4 33.9 0L441 239c9.4 9.4 9.4 24.6 0 33.9L246.6 467.3c-9.4 9.4-24.6 9.4-33.9 0l-22.2-22.2c-9.5-9.5-9.3-25 .4-34.3L311.4 296H24c-13.3 0-24-10.7-24-24v-32c0-13.3 10.7-24 24-24h287.4L190.9 101.2c-9.8-9.3-10-24.8-.4-34.3z\"><\/path><\/svg>\t\t\t<\/span>\n\t\t\t\t\t\t\t\t\t<span class=\"motta-button__text\">Voir un exemple<\/span>\n\t\t\t\t\t\t<\/a>\n\t\t\t\t\t\t<\/div>\n\t\t\t\t<\/div>\n\t\t\t\t<\/div>\n\t\t<div class=\"elementor-element elementor-element-ad6908e e-con-full e-flex e-con e-child\" data-id=\"ad6908e\" data-element_type=\"container\">\n\t\t<div class=\"elementor-element elementor-element-71e4432 e-con-full e-flex e-con e-child\" data-id=\"71e4432\" data-element_type=\"container\">\n\t\t\t\t<div class=\"elementor-element elementor-element-8969fc1 elementor-widget elementor-widget-image\" data-id=\"8969fc1\" data-element_type=\"widget\" data-widget_type=\"image.default\">\n\t\t\t\t<div class=\"elementor-widget-container\">\n\t\t\t\t\t\t\t\t\t\t\t\t\t\t\t<img fetchpriority=\"high\" decoding=\"async\" width=\"529\" height=\"354\" src=\"https:\/\/inroom.fr\/wp-content\/uploads\/2025\/03\/geolocation-1.png\" class=\"attachment-full size-full wp-image-2630\" alt=\"\" srcset=\"https:\/\/inroom.fr\/wp-content\/uploads\/2025\/03\/geolocation-1.png 529w, https:\/\/inroom.fr\/wp-content\/uploads\/2025\/03\/geolocation-1-300x201.png 300w, https:\/\/inroom.fr\/wp-content\/uploads\/2025\/03\/geolocation-1-18x12.png 18w\" sizes=\"(max-width: 529px) 100vw, 529px\" \/>\t\t\t\t\t\t\t\t\t\t\t\t\t\t\t<\/div>\n\t\t\t\t<\/div>\n\t\t\t\t<\/div>\n\t\t<div class=\"elementor-element elementor-element-e492783 e-con-full e-grid e-con e-child\" data-id=\"e492783\" data-element_type=\"container\">\n\t\t\t\t<div class=\"elementor-element elementor-element-b27acb8 motta-icon-box__icon-position--top elementor-widget elementor-widget-motta-icon-box\" data-id=\"b27acb8\" data-element_type=\"widget\" data-widget_type=\"motta-icon-box.default\">\n\t\t\t\t<div class=\"elementor-widget-container\">\n\t\t\t\t\t\t\t<div class=\"motta-icon-box icon-type-external\">\r\n\t\t\t\t\t\t<div class=\"motta-icon-box__wrapper\">\r\n\t\t\t\t\t\t\t\t\t<h6 class=\"motta-icon-box__title\">Rayon de 100 m\u00e8tres<\/h6>\r\n\t\t\t\t\t\t\t\t\t\t\t\t\t<div class=\"motta-icon-box__content\">Votre \u00e9tablissement s\u2019affiche automatiquement au lancement de l\u2019application.\n<\/div>\r\n\t\t\t\t\t\t\t\t\t\t\t<\/div>\r\n\t\t\t\t\t<\/div>\r\n\t\t\t\t\t\t<\/div>\n\t\t\t\t<\/div>\n\t\t\t\t<div class=\"elementor-element elementor-element-f64d0a2 motta-icon-box__icon-position--top elementor-widget elementor-widget-motta-icon-box\" data-id=\"f64d0a2\" data-element_type=\"widget\" data-widget_type=\"motta-icon-box.default\">\n\t\t\t\t<div class=\"elementor-widget-container\">\n\t\t\t\t\t\t\t<div class=\"motta-icon-box icon-type-external\">\r\n\t\t\t\t\t\t<div class=\"motta-icon-box__wrapper\">\r\n\t\t\t\t\t\t\t\t\t<h6 class=\"motta-icon-box__title\">Hors p\u00e9rim\u00e8tre<\/h6>\r\n\t\t\t\t\t\t\t\t\t\t\t\t\t<div class=\"motta-icon-box__content\">Un formulaire de recherche s\u2019affiche pour entrer le nom de votre \u00e9tablissement.<\/div>\r\n\t\t\t\t\t\t\t\t\t\t\t<\/div>\r\n\t\t\t\t\t<\/div>\r\n\t\t\t\t\t\t<\/div>\n\t\t\t\t<\/div>\n\t\t\t\t<\/div>\n\t\t\t\t<\/div>\n\t\t\t\t\t<\/div>\n\t\t\t\t<\/div>\n\t\t<div class=\"elementor-element elementor-element-c953d1e e-transform e-flex e-con-boxed e-con e-parent\" data-id=\"c953d1e\" data-element_type=\"container\" data-settings=\"{&quot;background_background&quot;:&quot;gradient&quot;,&quot;_transform_translateY_effect&quot;:{&quot;unit&quot;:&quot;px&quot;,&quot;size&quot;:-60,&quot;sizes&quot;:[]},&quot;_transform_translateX_effect&quot;:{&quot;unit&quot;:&quot;px&quot;,&quot;size&quot;:&quot;&quot;,&quot;sizes&quot;:[]},&quot;_transform_translateX_effect_tablet&quot;:{&quot;unit&quot;:&quot;px&quot;,&quot;size&quot;:&quot;&quot;,&quot;sizes&quot;:[]},&quot;_transform_translateX_effect_mobile&quot;:{&quot;unit&quot;:&quot;px&quot;,&quot;size&quot;:&quot;&quot;,&quot;sizes&quot;:[]},&quot;_transform_translateY_effect_tablet&quot;:{&quot;unit&quot;:&quot;px&quot;,&quot;size&quot;:&quot;&quot;,&quot;sizes&quot;:[]},&quot;_transform_translateY_effect_mobile&quot;:{&quot;unit&quot;:&quot;px&quot;,&quot;size&quot;:&quot;&quot;,&quot;sizes&quot;:[]}}\">\n\t\t\t\t\t<div class=\"e-con-inner\">\n\t\t<div class=\"elementor-element elementor-element-0bd96aa e-con-full e-flex e-con e-child\" data-id=\"0bd96aa\" data-element_type=\"container\">\n\t\t\t\t<div class=\"elementor-element elementor-element-07a8e37 elementor-widget elementor-widget-image\" data-id=\"07a8e37\" data-element_type=\"widget\" data-widget_type=\"image.default\">\n\t\t\t\t<div class=\"elementor-widget-container\">\n\t\t\t\t\t\t\t\t\t\t\t\t\t\t\t<img decoding=\"async\" width=\"415\" height=\"363\" src=\"https:\/\/inroom.fr\/wp-content\/uploads\/2025\/02\/inroom-palace.jpg\" class=\"attachment-full size-full wp-image-1895\" alt=\"\" srcset=\"https:\/\/inroom.fr\/wp-content\/uploads\/2025\/02\/inroom-palace.jpg 415w, https:\/\/inroom.fr\/wp-content\/uploads\/2025\/02\/inroom-palace-300x262.jpg 300w, https:\/\/inroom.fr\/wp-content\/uploads\/2025\/02\/inroom-palace-14x12.jpg 14w\" sizes=\"(max-width: 415px) 100vw, 415px\" \/>\t\t\t\t\t\t\t\t\t\t\t\t\t\t\t<\/div>\n\t\t\t\t<\/div>\n\t\t\t\t<\/div>\n\t\t<div class=\"elementor-element elementor-element-0ddce63 e-con-full e-flex e-con e-child\" data-id=\"0ddce63\" data-element_type=\"container\">\n\t\t\t\t<div class=\"elementor-element elementor-element-7d3e277 elementor-view-default elementor-widget elementor-widget-icon\" data-id=\"7d3e277\" data-element_type=\"widget\" data-widget_type=\"icon.default\">\n\t\t\t\t<div class=\"elementor-widget-container\">\n\t\t\t\t\t\t\t<div class=\"elementor-icon-wrapper\">\n\t\t\t<div class=\"elementor-icon\">\n\t\t\t<svg aria-hidden=\"true\" class=\"e-font-icon-svg e-far-bell\" viewbox=\"0 0 448 512\" xmlns=\"http:\/\/www.w3.org\/2000\/svg\"><path d=\"M439.39 362.29c-19.32-20.76-55.47-51.99-55.47-154.29 0-77.7-54.48-139.9-127.94-155.16V32c0-17.67-14.32-32-31.98-32s-31.98 14.33-31.98 32v20.84C118.56 68.1 64.08 130.3 64.08 208c0 102.3-36.15 133.53-55.47 154.29-6 6.45-8.66 14.16-8.61 21.71.11 16.4 12.98 32 32.1 32h383.8c19.12 0 32-15.6 32.1-32 .05-7.55-2.61-15.27-8.61-21.71zM67.53 368c21.22-27.97 44.42-74.33 44.53-159.42 0-.2-.06-.38-.06-.58 0-61.86 50.14-112 112-112s112 50.14 112 112c0 .2-.06.38-.06.58.11 85.1 23.31 131.46 44.53 159.42H67.53zM224 512c35.32 0 63.97-28.65 63.97-64H160.03c0 35.35 28.65 64 63.97 64z\"><\/path><\/svg>\t\t\t<\/div>\n\t\t<\/div>\n\t\t\t\t\t\t<\/div>\n\t\t\t\t<\/div>\n\t\t\t\t<div class=\"elementor-element elementor-element-e8885b2 elementor-widget elementor-widget-motta-heading\" data-id=\"e8885b2\" data-element_type=\"widget\" data-widget_type=\"motta-heading.default\">\n\t\t\t\t<div class=\"elementor-widget-container\">\n\t\t\t\t\t\t\t<div class=\"motta-heading-elementor motta-heading__button-on\">\r\n\t\t\t\t<h2 class=\"motta-heading motta-heading--default\">\r\n\t\t\t\t\tCommuniquez avant le s\u00e9jour\t\t\t\t<\/h2>\r\n\t\t\t\t\t\t\t<\/div>\r\n\t\t\t\t\t\t<\/div>\n\t\t\t\t<\/div>\n\t\t\t\t<div class=\"elementor-element elementor-element-44d1bb8 elementor-widget elementor-widget-text-editor\" data-id=\"44d1bb8\" data-element_type=\"widget\" data-widget_type=\"text-editor.default\">\n\t\t\t\t<div class=\"elementor-widget-container\">\n\t\t\t\t\t\t\t\t\t<p>Demandez \u00e0 vos clients de t\u00e9l\u00e9charger l\u2019application inroom le plus t\u00f4t possible (ex. dans le message de confirmation de r\u00e9servation) pour qu\u2019ils puissent consulter de chez eux vos offres et services ou le circuit de visite touristique.<\/p>\t\t\t\t\t\t\t\t<\/div>\n\t\t\t\t<\/div>\n\t\t\t\t<div class=\"elementor-element elementor-element-1d73316 btn-bubble-b elementor-widget elementor-widget-motta-button\" data-id=\"1d73316\" data-element_type=\"widget\" data-widget_type=\"motta-button.default\">\n\t\t\t\t<div class=\"elementor-widget-container\">\n\t\t\t\t\t\t\t<a class=\"motta-button motta-button-primary  motta-button--base  motta-button--medium\" href=\"https:\/\/inroom.fr\/en\/fonctionnalites\/notifications-push\/\">\n\t\t\t\t\t\t\t\t<span class=\"motta-button__icon motta-svg-icon motta-align-icon-right\">\n\t\t\t\t<svg aria-hidden=\"true\" class=\"e-font-icon-svg e-fas-arrow-right\" viewbox=\"0 0 448 512\" xmlns=\"http:\/\/www.w3.org\/2000\/svg\"><path d=\"M190.5 66.9l22.2-22.2c9.4-9.4 24.6-9.4 33.9 0L441 239c9.4 9.4 9.4 24.6 0 33.9L246.6 467.3c-9.4 9.4-24.6 9.4-33.9 0l-22.2-22.2c-9.5-9.5-9.3-25 .4-34.3L311.4 296H24c-13.3 0-24-10.7-24-24v-32c0-13.3 10.7-24 24-24h287.4L190.9 101.2c-9.8-9.3-10-24.8-.4-34.3z\"><\/path><\/svg>\t\t\t<\/span>\n\t\t\t\t\t\t\t\t\t<span class=\"motta-button__text\">   En savoir plus<\/span>\n\t\t\t\t\t\t<\/a>\n\t\t\t\t\t\t<\/div>\n\t\t\t\t<\/div>\n\t\t\t\t<\/div>\n\t\t\t\t\t<\/div>\n\t\t\t\t<\/div>\n\t\t\t\t<\/div>","protected":false},"excerpt":{"rendered":"<p>Fonctionnalit\u00e9s &gt; G\u00e9olocalisation G\u00e9olocalisation D\u00e9tection automatique de votre \u00e9tablissement au lancement de l\u2019application Essai gratuit (30 jours) Demander une d\u00e9mo Fonctionnement de la d\u00e9tection Lorsque votre client ouvre l\u2019application inroom pour la premi\u00e8re fois, une d\u00e9tection automatique est d\u00e9clench\u00e9e pour afficher directement votre \u00e9tablissement s\u2019il est \u00e0 proximit\u00e9. Voir un exemple Rayon de 100 m\u00e8tres [&hellip;]<\/p>","protected":false},"author":1,"featured_media":0,"parent":101,"menu_order":0,"comment_status":"closed","ping_status":"closed","template":"","meta":{"footnotes":""},"class_list":["post-514","page","type-page","status-publish","hentry"],"_links":{"self":[{"href":"https:\/\/inroom.fr\/en\/wp-json\/wp\/v2\/pages\/514","targetHints":{"allow":["GET"]}}],"collection":[{"href":"https:\/\/inroom.fr\/en\/wp-json\/wp\/v2\/pages"}],"about":[{"href":"https:\/\/inroom.fr\/en\/wp-json\/wp\/v2\/types\/page"}],"author":[{"embeddable":true,"href":"https:\/\/inroom.fr\/en\/wp-json\/wp\/v2\/users\/1"}],"replies":[{"embeddable":true,"href":"https:\/\/inroom.fr\/en\/wp-json\/wp\/v2\/comments?post=514"}],"version-history":[{"count":101,"href":"https:\/\/inroom.fr\/en\/wp-json\/wp\/v2\/pages\/514\/revisions"}],"predecessor-version":[{"id":3152,"href":"https:\/\/inroom.fr\/en\/wp-json\/wp\/v2\/pages\/514\/revisions\/3152"}],"up":[{"embeddable":true,"href":"https:\/\/inroom.fr\/en\/wp-json\/wp\/v2\/pages\/101"}],"wp:attachment":[{"href":"https:\/\/inroom.fr\/en\/wp-json\/wp\/v2\/media?parent=514"}],"curies":[{"name":"wp","href":"https:\/\/api.w.org\/{rel}","templated":true}]}}