{"id":2900,"date":"2025-03-31T15:40:29","date_gmt":"2025-03-31T15:40:29","guid":{"rendered":"https:\/\/inroom.fr\/?page_id=2900"},"modified":"2025-03-31T15:40:30","modified_gmt":"2025-03-31T15:40:30","slug":"mentions-legales","status":"publish","type":"page","link":"https:\/\/inroom.fr\/en\/mentions-legales\/","title":{"rendered":"Mentions l\u00e9gales"},"content":{"rendered":"<h2 class=\"wp-block-heading\" id=\"le-tourisme-en-france\">Soci\u00e9t\u00e9 \u00e9ditrice du site internet et de l\u2019application :<\/h2><p><strong>NAVAWAY SAS au capital de 495 872,00\u20ac<\/strong><\/p><p><strong>Si\u00e8ge social&nbsp;:&nbsp;<\/strong><br>23 RUE PAUPIERE<br>69270 COUZON AU MONT D\u2019OR<\/p><p><strong>Email&nbsp;:<\/strong><br>hello@navaway.io<\/p><p><strong>RCS&nbsp;:<\/strong><br><a href=\"https:\/\/navaway.fr\/visiter-lyon\/\">LYON<\/a>&nbsp;\u2013 902055904<\/p><p><strong>INPI&nbsp;:<\/strong><br>Navaway\u00ae est une marque d\u00e9pos\u00e9e en France et en Europe.<\/p><p><strong>APE&nbsp;:&nbsp;<\/strong><br>6201Z<\/p>","protected":false},"excerpt":{"rendered":"<p>Soci\u00e9t\u00e9 \u00e9ditrice du site internet et de l\u2019application : NAVAWAY SAS au capital de 495 872,00\u20ac Si\u00e8ge social&nbsp;:&nbsp;23 RUE PAUPIERE69270 COUZON AU MONT D\u2019OR Email&nbsp;:hello@navaway.io RCS&nbsp;:LYON&nbsp;\u2013 902055904 INPI&nbsp;:Navaway\u00ae est une marque d\u00e9pos\u00e9e en France et en Europe. APE&nbsp;:&nbsp;6201Z<\/p>","protected":false},"author":1,"featured_media":0,"parent":0,"menu_order":0,"comment_status":"closed","ping_status":"closed","template":"","meta":{"footnotes":""},"class_list":["post-2900","page","type-page","status-publish","hentry"],"_links":{"self":[{"href":"https:\/\/inroom.fr\/en\/wp-json\/wp\/v2\/pages\/2900","targetHints":{"allow":["GET"]}}],"collection":[{"href":"https:\/\/inroom.fr\/en\/wp-json\/wp\/v2\/pages"}],"about":[{"href":"https:\/\/inroom.fr\/en\/wp-json\/wp\/v2\/types\/page"}],"author":[{"embeddable":true,"href":"https:\/\/inroom.fr\/en\/wp-json\/wp\/v2\/users\/1"}],"replies":[{"embeddable":true,"href":"https:\/\/inroom.fr\/en\/wp-json\/wp\/v2\/comments?post=2900"}],"version-history":[{"count":1,"href":"https:\/\/inroom.fr\/en\/wp-json\/wp\/v2\/pages\/2900\/revisions"}],"predecessor-version":[{"id":2901,"href":"https:\/\/inroom.fr\/en\/wp-json\/wp\/v2\/pages\/2900\/revisions\/2901"}],"wp:attachment":[{"href":"https:\/\/inroom.fr\/en\/wp-json\/wp\/v2\/media?parent=2900"}],"curies":[{"name":"wp","href":"https:\/\/api.w.org\/{rel}","templated":true}]}}