{"id":2359,"date":"2025-02-14T13:37:48","date_gmt":"2025-02-14T13:37:48","guid":{"rendered":"https:\/\/inroom.fr\/?page_id=2359"},"modified":"2025-04-16T16:01:44","modified_gmt":"2025-04-16T16:01:44","slug":"satisfaction","status":"publish","type":"page","link":"https:\/\/inroom.fr\/en\/fonctionnalites\/satisfaction\/","title":{"rendered":"Satisfaction"},"content":{"rendered":"<div data-elementor-type=\"wp-page\" data-elementor-id=\"2359\" class=\"elementor elementor-2359\" data-elementor-post-type=\"page\">\n\t\t\t\t<div class=\"elementor-element elementor-element-04bb132 e-transform e-flex e-con-boxed e-con e-parent\" data-id=\"04bb132\" data-element_type=\"container\" data-settings=\"{&quot;animation&quot;:&quot;none&quot;,&quot;background_background&quot;:&quot;classic&quot;,&quot;_transform_translateX_effect&quot;:{&quot;unit&quot;:&quot;px&quot;,&quot;size&quot;:&quot;&quot;,&quot;sizes&quot;:[]},&quot;_transform_translateX_effect_tablet&quot;:{&quot;unit&quot;:&quot;px&quot;,&quot;size&quot;:&quot;&quot;,&quot;sizes&quot;:[]},&quot;_transform_translateX_effect_mobile&quot;:{&quot;unit&quot;:&quot;px&quot;,&quot;size&quot;:&quot;&quot;,&quot;sizes&quot;:[]},&quot;_transform_translateY_effect&quot;:{&quot;unit&quot;:&quot;px&quot;,&quot;size&quot;:&quot;&quot;,&quot;sizes&quot;:[]},&quot;_transform_translateY_effect_tablet&quot;:{&quot;unit&quot;:&quot;px&quot;,&quot;size&quot;:&quot;&quot;,&quot;sizes&quot;:[]},&quot;_transform_translateY_effect_mobile&quot;:{&quot;unit&quot;:&quot;px&quot;,&quot;size&quot;:&quot;&quot;,&quot;sizes&quot;:[]}}\">\n\t\t\t\t\t<div class=\"e-con-inner\">\n\t\t<div class=\"elementor-element elementor-element-66340d0 e-con-full e-flex e-con e-child\" data-id=\"66340d0\" data-element_type=\"container\">\n\t\t\t\t<div class=\"elementor-element elementor-element-0713f1a elementor-view-default elementor-widget elementor-widget-icon\" data-id=\"0713f1a\" data-element_type=\"widget\" data-widget_type=\"icon.default\">\n\t\t\t\t<div class=\"elementor-widget-container\">\n\t\t\t\t\t\t\t<div class=\"elementor-icon-wrapper\">\n\t\t\t<a class=\"elementor-icon\" href=\"https:\/\/inroom.fr\/en\">\n\t\t\t<svg xmlns=\"http:\/\/www.w3.org\/2000\/svg\" width=\"16.059\" height=\"14.051\" viewbox=\"0 0 16.059 14.051\"><path id=\"Icon_open-home\" data-name=\"Icon open-home\" d=\"M8.029,0,0,6.022H2.007v8.029H6.022V10.037h4.015v4.015h4.015V5.962l2.007.06Z\"><\/path><\/svg>\t\t\t<\/a>\n\t\t<\/div>\n\t\t\t\t\t\t<\/div>\n\t\t\t\t<\/div>\n\t\t\t\t<div class=\"elementor-element elementor-element-c1a1934 elementor-widget elementor-widget-text-editor\" data-id=\"c1a1934\" data-element_type=\"widget\" data-widget_type=\"text-editor.default\">\n\t\t\t\t<div class=\"elementor-widget-container\">\n\t\t\t\t\t\t\t\t\t<p><a href=\"\/en\/fonctionnalites\/\">Fonctionnalit\u00e9s<\/a> &gt; <strong>Satisfaction<\/strong><\/p>\t\t\t\t\t\t\t\t<\/div>\n\t\t\t\t<\/div>\n\t\t\t\t<\/div>\n\t\t\t\t<div class=\"elementor-element elementor-element-5b0906f elementor-view-default elementor-widget elementor-widget-icon\" data-id=\"5b0906f\" data-element_type=\"widget\" data-widget_type=\"icon.default\">\n\t\t\t\t<div class=\"elementor-widget-container\">\n\t\t\t\t\t\t\t<div class=\"elementor-icon-wrapper\">\n\t\t\t<div class=\"elementor-icon\">\n\t\t\t<svg xmlns=\"http:\/\/www.w3.org\/2000\/svg\" id=\"Calque_1\" viewbox=\"0 0 250 250\"><defs><style>      .st0 {        fill: #733bff;      }    <\/style><\/defs><path class=\"st0\" d=\"M73.82,77.27c3.07,0,5.56-2.49,5.56-5.56v-2.61c0-3.07-2.49-5.56-5.56-5.56s-5.56,2.49-5.56,5.56v2.61c0,3.07,2.49,5.56,5.56,5.56Z\"><\/path><path class=\"st0\" d=\"M79.43,79.88c-3.38,2.33-7.84,2.33-11.22,0-3.3,1.72-5.62,4.85-6.31,8.5,3.36,2.76,7.57,4.27,11.92,4.27h0c4.35,0,8.56-1.5,11.91-4.26-.68-3.66-3.01-6.8-6.31-8.51Z\"><\/path><path class=\"st0\" d=\"M137.15,121.77l-1.27-2.58-1.27,2.58c-.45.9-1.3,1.52-2.3,1.66l-2.85.41,2.06,2.01c.72.7,1.05,1.71.88,2.7l-.49,2.84,2.55-1.34c.89-.47,1.95-.47,2.84,0l2.55,1.34-.49-2.84c-.17-.99.16-2,.88-2.7l2.06-2.01-2.85-.41c-.99-.14-1.85-.76-2.3-1.66Z\"><\/path><path class=\"st0\" d=\"M62.97,109.61c-8.49,6-10.51,17.74-4.51,26.23,1.3-3.36,3.67-6.2,6.73-8.08-.85-1.49-1.29-3.17-1.29-4.88v-2.61h0c0-5.48,4.44-9.92,9.92-9.92,5.48,0,9.92,4.44,9.92,9.92v2.61c0,1.71-.44,3.39-1.29,4.88,3.08,1.88,5.45,4.72,6.74,8.08h0c4.6-6.5,4.6-15.2,0-21.71-6-8.49-17.74-10.51-26.23-4.51Z\"><\/path><path class=\"st0\" d=\"M151.67,172.94l-1.27-2.58-1.27,2.58c-.45.9-1.3,1.52-2.3,1.66l-2.85.41,2.06,2.01c.72.7,1.05,1.71.88,2.7l-.49,2.84,2.55-1.34c.89-.47,1.95-.47,2.84,0l2.55,1.34-.49-2.84c-.18-.99.15-2.01.87-2.71l2.07-1.99-2.85-.41c-.99-.14-1.85-.76-2.3-1.66Z\"><\/path><path class=\"st0\" d=\"M79.39,174.05v-2.61c0-3.07-2.49-5.56-5.56-5.56s-5.56,2.49-5.56,5.56v2.61c0,3.07,2.49,5.56,5.56,5.56s5.56-2.49,5.56-5.56Z\"><\/path><path class=\"st0\" d=\"M79.39,122.88v-2.61c0-3.07-2.49-5.56-5.56-5.56s-5.56,2.49-5.56,5.56v2.61c0,3.07,2.49,5.56,5.56,5.56s5.56-2.49,5.56-5.56Z\"><\/path><path class=\"st0\" d=\"M79.44,182.22c-3.38,2.33-7.84,2.33-11.22,0-3.3,1.72-5.62,4.85-6.31,8.51,3.36,2.76,7.57,4.27,11.92,4.27,4.35,0,8.57-1.5,11.93-4.27-.68-3.66-3.01-6.8-6.31-8.51Z\"><\/path><path class=\"st0\" d=\"M166.19,121.77l-1.27-2.58-1.27,2.58c-.45.9-1.3,1.52-2.3,1.66l-2.85.41,2.06,2.01c.72.7,1.05,1.71.88,2.7l-.49,2.84,2.54-1.34c.89-.47,1.95-.47,2.84,0l2.55,1.34-.49-2.84c-.17-.99.16-2,.88-2.7l2.07-2.01-2.85-.41c-.99-.14-1.85-.76-2.3-1.66Z\"><\/path><path class=\"st0\" d=\"M62.97,160.78c-8.49,6-10.51,17.74-4.51,26.23,1.3-3.36,3.67-6.2,6.73-8.08-.85-1.49-1.29-3.17-1.29-4.88v-2.61h0c0-5.48,4.44-9.92,9.92-9.92,5.48,0,9.92,4.44,9.92,9.92v2.61c0,1.71-.44,3.39-1.29,4.88,3.08,1.88,5.45,4.72,6.74,8.08h0c4.6-6.5,4.6-15.2,0-21.71-6-8.49-17.74-10.51-26.23-4.51Z\"><\/path><path class=\"st0\" d=\"M79.44,131.05c-3.38,2.32-7.84,2.32-11.22,0-3.3,1.72-5.62,4.85-6.31,8.5,3.36,2.76,7.57,4.27,11.92,4.27h0c4.35,0,8.56-1.5,11.92-4.27-.68-3.66-3.01-6.8-6.31-8.5Z\"><\/path><path class=\"st0\" d=\"M192.99,57.66h-85.18c-1.11,0-2,.9-2.01,2.01v28.32c0,1.11.9,2,2,2.01h85.18c1.11,0,2-.9,2.01-2.01v-28.32c0-1.11-.9-2-2.01-2.01ZM132.71,74.13l-3.48,3.38.82,4.77c.11.65,0,1.33-.3,1.91-.78,1.49-2.62,2.07-4.11,1.3l-4.28-2.25-4.28,2.25c-.59.31-1.27.42-1.94.31-1.66-.29-2.77-1.86-2.49-3.52l.82-4.77-3.47-3.38c-.48-.47-.79-1.08-.89-1.74-.24-1.67.91-3.21,2.58-3.46l4.79-.69,2.14-4.34c.3-.6.78-1.09,1.38-1.38,1.51-.75,3.34-.13,4.09,1.38l2.15,4.34,4.78.69c.67.1,1.29.41,1.76.9,1.17,1.21,1.14,3.14-.06,4.31ZM161.76,74.13l-3.47,3.38.82,4.77c.11.66,0,1.34-.31,1.93-.78,1.49-2.63,2.06-4.12,1.28l-4.28-2.25-4.28,2.25c-.59.31-1.27.42-1.94.31-1.66-.29-2.77-1.86-2.49-3.52l.82-4.77-3.47-3.38c-.48-.47-.79-1.08-.89-1.74-.24-1.67.91-3.21,2.58-3.46l4.79-.69,2.14-4.34c.3-.6.78-1.09,1.38-1.38,1.51-.75,3.34-.13,4.09,1.38l2.14,4.33,4.79.7c.67.09,1.29.41,1.76.9,1.17,1.21,1.15,3.14-.06,4.31ZM190.79,74.13l-3.47,3.38.82,4.77c.11.66,0,1.34-.31,1.93-.78,1.49-2.63,2.06-4.12,1.28l-4.28-2.25-4.28,2.25c-.59.31-1.27.42-1.94.31-1.66-.29-2.77-1.86-2.49-3.52l.82-4.77-3.47-3.38c-.48-.47-.79-1.08-.89-1.74-.24-1.67.91-3.21,2.58-3.46l4.79-.69,2.14-4.34c.3-.6.78-1.09,1.39-1.39,1.51-.75,3.34-.12,4.08,1.39l2.14,4.33,4.79.7c.66.1,1.28.41,1.75.89,1.18,1.21,1.15,3.14-.05,4.31Z\"><\/path><path class=\"st0\" d=\"M151.67,70.78l-1.27-2.58-1.27,2.58c-.45.9-1.3,1.52-2.3,1.66l-2.85.41,2.06,2.01c.72.7,1.05,1.71.88,2.7l-.49,2.84,2.55-1.34c.89-.47,1.95-.47,2.84,0l2.55,1.34-.49-2.84c-.17-.99.16-2,.88-2.7l2.06-2.01-2.85-.41c-.99-.14-1.85-.76-2.3-1.66Z\"><\/path><path class=\"st0\" d=\"M180.71,70.78l-1.27-2.58-1.27,2.58c-.45.9-1.3,1.52-2.3,1.66l-2.85.41,2.06,2.01c.72.7,1.05,1.71.88,2.7l-.49,2.84,2.55-1.34c.89-.47,1.95-.47,2.84,0l2.55,1.34-.49-2.84c-.17-.99.16-2,.88-2.7l2.06-2.01-2.85-.41c-.99-.14-1.85-.76-2.3-1.66Z\"><\/path><path class=\"st0\" d=\"M122.63,70.79l-1.27-2.58-1.27,2.58c-.45.9-1.3,1.52-2.3,1.66l-2.85.41,2.06,2c.72.7,1.05,1.71.88,2.7l-.49,2.84,2.55-1.34c.89-.47,1.95-.47,2.84,0l2.55,1.34-.49-2.84c-.17-.99.16-2,.88-2.7l2.06-2-2.85-.41c-.99-.14-1.85-.76-2.3-1.66Z\"><\/path><path class=\"st0\" d=\"M205.01,6.78H44.99C24,6.78,6.99,23.79,6.99,44.78v160.44c0,20.99,17.01,38,38,38h160.02c20.99,0,38-17.01,38-38V44.78c0-20.99-17.01-38-38-38ZM73.83,199.35c-12.8,0-23.18-10.38-23.18-23.18s10.38-23.18,23.18-23.18c12.8.01,23.16,10.38,23.18,23.18,0,12.8-10.38,23.18-23.18,23.18ZM73.83,148.17c-12.8,0-23.18-10.38-23.18-23.18s10.38-23.18,23.18-23.18c12.8.01,23.17,10.39,23.18,23.19,0,12.8-10.38,23.17-23.18,23.17ZM73.83,97.01c-12.8,0-23.18-10.38-23.18-23.18-.02-5.16,1.71-10.18,4.9-14.25.74-.93,2.08-1.09,3.03-.37.96.73,1.14,2.1.41,3.05-5.1,6.54-5.31,15.64-.52,22.41,1.3-3.36,3.67-6.2,6.74-8.09-.85-1.49-1.29-3.17-1.29-4.88v-2.61h0c0-5.48,4.44-9.92,9.92-9.92,5.48,0,9.92,4.44,9.92,9.92v2.62c0,1.71-.44,3.39-1.29,4.88,3.08,1.88,5.45,4.72,6.74,8.08,3.86-5.47,4.53-12.58,1.75-18.67-4.32-9.45-15.48-13.62-24.93-9.3-1.09.5-2.39.02-2.89-1.08s-.02-2.39,1.08-2.89c3.02-1.38,6.3-2.09,9.61-2.08,12.8,0,23.18,10.38,23.18,23.18s-10.38,23.18-23.18,23.18ZM199.35,190.33c0,3.51-2.85,6.36-6.36,6.36h-85.18c-3.51,0-6.36-2.85-6.36-6.36v-28.32c0-3.51,2.85-6.36,6.36-6.36h57.41c1.2,0,2.18.98,2.18,2.18s-.98,2.18-2.18,2.18h-57.41c-1.11,0-2,.9-2.01,2.01v28.32c0,1.11.9,2,2,2.01h85.18c1.11,0,2-.9,2.01-2.01v-28.32c0-1.11-.9-2-2.01-2.01h-17.61c-1.2,0-2.18-.98-2.18-2.18s.98-2.18,2.18-2.18h17.61c3.51,0,6.36,2.85,6.36,6.36v28.32ZM159.11,184.43c.11.66,0,1.34-.31,1.93-.78,1.49-2.63,2.06-4.12,1.28l-4.28-2.25-4.28,2.25c-.59.31-1.27.42-1.94.31-1.66-.29-2.77-1.86-2.49-3.52l.82-4.77-3.47-3.38c-.48-.47-.79-1.08-.89-1.74-.24-1.67.91-3.21,2.58-3.46l4.79-.7,2.14-4.34c.3-.6.78-1.09,1.38-1.38,1.51-.75,3.34-.13,4.09,1.38l2.14,4.34,4.79.7c1.14.16,2.1.96,2.45,2.06h.02c.36,1.11.06,2.33-.77,3.14l-3.47,3.38.82,4.77ZM199.35,139.16c0,3.51-2.85,6.36-6.36,6.36h-85.18c-3.51,0-6.36-2.85-6.36-6.36v-28.32c0-3.51,2.85-6.36,6.36-6.36h85.18c3.51,0,6.36,2.85,6.36,6.37v28.32ZM199.35,88c0,3.51-2.85,6.36-6.36,6.36h-85.18c-3.51,0-6.36-2.85-6.36-6.36v-28.32c0-3.51,2.85-6.36,6.36-6.36h85.18c3.51,0,6.36,2.85,6.36,6.36v28.33Z\"><\/path><path class=\"st0\" d=\"M192.99,108.83h-85.18c-1.11,0-2,.9-2.01,2.01v28.32c0,1.1.9,2,2,2h85.18c1.11,0,2-.9,2.01-2.01v-28.32c0-1.11-.9-2-2.01-2.01ZM147.22,125.11l-3.47,3.38.82,4.77c.11.66,0,1.34-.31,1.93-.78,1.49-2.63,2.06-4.12,1.28l-4.28-2.25-4.27,2.25c-.59.31-1.27.42-1.94.31-1.66-.29-2.77-1.86-2.49-3.52l.82-4.77-3.47-3.38c-.48-.47-.79-1.08-.89-1.74-.24-1.67.91-3.22,2.58-3.46l4.79-.7,2.14-4.34c.3-.6.78-1.09,1.39-1.39,1.51-.75,3.34-.12,4.08,1.39l2.14,4.34,4.79.7h0c.66.09,1.28.41,1.74.89,1.18,1.21,1.15,3.14-.05,4.31ZM176.27,125.11l-3.47,3.38.82,4.77c.11.66,0,1.34-.31,1.93-.78,1.49-2.63,2.06-4.12,1.28l-4.28-2.25-4.28,2.25c-.59.31-1.27.42-1.94.31-1.66-.29-2.77-1.86-2.49-3.52l.82-4.77-3.47-3.38c-.48-.47-.79-1.08-.89-1.74-.24-1.67.91-3.22,2.58-3.46l4.79-.7,2.14-4.34c.3-.6.78-1.09,1.38-1.38,1.51-.75,3.34-.13,4.09,1.38l2.14,4.34,4.79.7c.66.1,1.28.41,1.75.89,1.18,1.21,1.15,3.14-.05,4.31Z\"><\/path><\/svg>\t\t\t<\/div>\n\t\t<\/div>\n\t\t\t\t\t\t<\/div>\n\t\t\t\t<\/div>\n\t\t<div class=\"elementor-element elementor-element-e23adcd e-con-full e-flex e-con e-child\" data-id=\"e23adcd\" data-element_type=\"container\">\n\t\t\t\t<div class=\"elementor-element elementor-element-385f583 elementor-widget elementor-widget-motta-heading\" data-id=\"385f583\" data-element_type=\"widget\" data-widget_type=\"motta-heading.default\">\n\t\t\t\t<div class=\"elementor-widget-container\">\n\t\t\t\t\t\t\t<div class=\"motta-heading-elementor motta-heading__button-on\">\r\n\t\t\t\t<h2 class=\"motta-heading motta-heading--default\">\r\n\t\t\t\t\tSatisfaction\t\t\t\t<\/h2>\r\n\t\t\t\t\t\t\t<\/div>\r\n\t\t\t\t\t\t<\/div>\n\t\t\t\t<\/div>\n\t\t\t\t<div class=\"elementor-element elementor-element-ab7f38e elementor-view-default elementor-widget elementor-widget-icon\" data-id=\"ab7f38e\" data-element_type=\"widget\" data-widget_type=\"icon.default\">\n\t\t\t\t<div class=\"elementor-widget-container\">\n\t\t\t\t\t\t\t<div class=\"elementor-icon-wrapper\">\n\t\t\t<div class=\"elementor-icon\">\n\t\t\t<svg xmlns=\"http:\/\/www.w3.org\/2000\/svg\" width=\"45\" height=\"45\" viewbox=\"0 0 45 45\"><path id=\"Path_103\" data-name=\"Path 103\" d=\"M629,21.3V0H619.6V13.484a4.313,4.313,0,0,1-4.313,4.313H601.8V27.2h12.16A6.284,6.284,0,0,0,619.6,23.7V45H629V31.516a4.313,4.313,0,0,1,4.313-4.313H646.8V17.8H634.9A6.709,6.709,0,0,0,629,21.3\" transform=\"translate(-601.8)\" fill=\"#733bff\"><\/path><\/svg>\t\t\t<\/div>\n\t\t<\/div>\n\t\t\t\t\t\t<\/div>\n\t\t\t\t<\/div>\n\t\t\t\t<\/div>\n\t\t\t\t<div class=\"elementor-element elementor-element-b36ceb1 elementor-widget elementor-widget-text-editor\" data-id=\"b36ceb1\" data-element_type=\"widget\" data-widget_type=\"text-editor.default\">\n\t\t\t\t<div class=\"elementor-widget-container\">\n\t\t\t\t\t\t\t\t\t<p>D\u00e9tection automatique de votre \u00e9tablissement au lancement de l\u2019application<\/p>\t\t\t\t\t\t\t\t<\/div>\n\t\t\t\t<\/div>\n\t\t<div class=\"elementor-element elementor-element-2a6dbd4 e-con-full e-flex e-con e-child\" data-id=\"2a6dbd4\" data-element_type=\"container\">\n\t\t\t\t<div class=\"elementor-element elementor-element-04842d3 elementor-widget__width-auto elementor-widget elementor-widget-motta-button\" data-id=\"04842d3\" data-element_type=\"widget\" data-widget_type=\"motta-button.default\">\n\t\t\t\t<div class=\"elementor-widget-container\">\n\t\t\t\t\t\t\t<a class=\"motta-button motta-button-primary  motta-button--base  motta-button--large\" href=\"https:\/\/inroom.fr\/en\/tarifs\/\">\n\t\t\t\t\t\t\t\t<span class=\"motta-button__icon motta-svg-icon motta-align-icon-right\">\n\t\t\t\t<svg aria-hidden=\"true\" class=\"e-font-icon-svg e-fas-arrow-right\" viewbox=\"0 0 448 512\" xmlns=\"http:\/\/www.w3.org\/2000\/svg\"><path d=\"M190.5 66.9l22.2-22.2c9.4-9.4 24.6-9.4 33.9 0L441 239c9.4 9.4 9.4 24.6 0 33.9L246.6 467.3c-9.4 9.4-24.6 9.4-33.9 0l-22.2-22.2c-9.5-9.5-9.3-25 .4-34.3L311.4 296H24c-13.3 0-24-10.7-24-24v-32c0-13.3 10.7-24 24-24h287.4L190.9 101.2c-9.8-9.3-10-24.8-.4-34.3z\"><\/path><\/svg>\t\t\t<\/span>\n\t\t\t\t\t\t\t\t\t<span class=\"motta-button__text\">Essai gratuit (30 jours)<\/span>\n\t\t\t\t\t\t<\/a>\n\t\t\t\t\t\t<\/div>\n\t\t\t\t<\/div>\n\t\t\t\t<div class=\"elementor-element elementor-element-f4702bb elementor-widget__width-auto elementor-widget elementor-widget-motta-button\" data-id=\"f4702bb\" data-element_type=\"widget\" data-widget_type=\"motta-button.default\">\n\t\t\t\t<div class=\"elementor-widget-container\">\n\t\t\t\t\t\t\t<a class=\"motta-button motta-button-primary  motta-button--ghost  motta-button--color-black  motta-button--large\" href=\"https:\/\/inroom.fr\/en\/decouverte\/\">\n\t\t\t\t\t\t\t\t<span class=\"motta-button__icon motta-svg-icon motta-align-icon-right\">\n\t\t\t\t<svg aria-hidden=\"true\" class=\"e-font-icon-svg e-fas-arrow-right\" viewbox=\"0 0 448 512\" xmlns=\"http:\/\/www.w3.org\/2000\/svg\"><path d=\"M190.5 66.9l22.2-22.2c9.4-9.4 24.6-9.4 33.9 0L441 239c9.4 9.4 9.4 24.6 0 33.9L246.6 467.3c-9.4 9.4-24.6 9.4-33.9 0l-22.2-22.2c-9.5-9.5-9.3-25 .4-34.3L311.4 296H24c-13.3 0-24-10.7-24-24v-32c0-13.3 10.7-24 24-24h287.4L190.9 101.2c-9.8-9.3-10-24.8-.4-34.3z\"><\/path><\/svg>\t\t\t<\/span>\n\t\t\t\t\t\t\t\t\t<span class=\"motta-button__text\">Demander une d\u00e9mo<\/span>\n\t\t\t\t\t\t<\/a>\n\t\t\t\t\t\t<\/div>\n\t\t\t\t<\/div>\n\t\t\t\t<\/div>\n\t\t\t\t\t<\/div>\n\t\t\t\t<\/div>\n\t\t<div class=\"elementor-element elementor-element-025a837 e-transform e-flex e-con-boxed e-con e-parent\" data-id=\"025a837\" data-element_type=\"container\" data-settings=\"{&quot;background_background&quot;:&quot;classic&quot;,&quot;_transform_translateY_effect&quot;:{&quot;unit&quot;:&quot;px&quot;,&quot;size&quot;:-60,&quot;sizes&quot;:[]},&quot;_transform_translateX_effect&quot;:{&quot;unit&quot;:&quot;px&quot;,&quot;size&quot;:&quot;&quot;,&quot;sizes&quot;:[]},&quot;_transform_translateX_effect_tablet&quot;:{&quot;unit&quot;:&quot;px&quot;,&quot;size&quot;:&quot;&quot;,&quot;sizes&quot;:[]},&quot;_transform_translateX_effect_mobile&quot;:{&quot;unit&quot;:&quot;px&quot;,&quot;size&quot;:&quot;&quot;,&quot;sizes&quot;:[]},&quot;_transform_translateY_effect_tablet&quot;:{&quot;unit&quot;:&quot;px&quot;,&quot;size&quot;:&quot;&quot;,&quot;sizes&quot;:[]},&quot;_transform_translateY_effect_mobile&quot;:{&quot;unit&quot;:&quot;px&quot;,&quot;size&quot;:&quot;&quot;,&quot;sizes&quot;:[]}}\">\n\t\t\t\t\t<div class=\"e-con-inner\">\n\t\t<div class=\"elementor-element elementor-element-65fc420 e-con-full e-flex e-con e-child\" data-id=\"65fc420\" data-element_type=\"container\">\n\t\t\t\t<div class=\"elementor-element elementor-element-9e5da35 elementor-widget elementor-widget-motta-heading\" data-id=\"9e5da35\" data-element_type=\"widget\" data-widget_type=\"motta-heading.default\">\n\t\t\t\t<div class=\"elementor-widget-container\">\n\t\t\t\t\t\t\t<div class=\"motta-heading-elementor motta-heading__button-on\">\r\n\t\t\t\t<h2 class=\"motta-heading motta-heading--default\">\r\n\t\t\t\t\tUn livret d\u2019accueil qui cr\u00e9\u00e9 des souvenirs\n\t\t\t\t<\/h2>\r\n\t\t\t\t\t\t\t<\/div>\r\n\t\t\t\t\t\t<\/div>\n\t\t\t\t<\/div>\n\t\t\t\t<div class=\"elementor-element elementor-element-d61d283 elementor-widget elementor-widget-text-editor\" data-id=\"d61d283\" data-element_type=\"widget\" data-widget_type=\"text-editor.default\">\n\t\t\t\t<div class=\"elementor-widget-container\">\n\t\t\t\t\t\t\t\t\t<p>Vous allez proposer une exp\u00e9rience client enrichie et offrir des fonctions uniques<strong>.<\/strong><\/p><p>L\u2019application sollicitera vos clients pour mettre un avis sur Google ou TripAdvisor apr\u00e8s la visite touristique audioguid\u00e9e afin de b\u00e9n\u00e9ficier d\u2019une satisfaction maximale.<\/p>\t\t\t\t\t\t\t\t<\/div>\n\t\t\t\t<\/div>\n\t\t\t\t<div class=\"elementor-element elementor-element-db40812 btn-bubble-b elementor-widget elementor-widget-motta-button\" data-id=\"db40812\" data-element_type=\"widget\" data-widget_type=\"motta-button.default\">\n\t\t\t\t<div class=\"elementor-widget-container\">\n\t\t\t\t\t\t\t<a class=\"motta-button motta-button-primary  motta-button--base  motta-button--medium\" href=\"https:\/\/inroom.fr\/en\/decouverte\/\">\n\t\t\t\t\t\t\t\t<span class=\"motta-button__icon motta-svg-icon motta-align-icon-right\">\n\t\t\t\t<svg aria-hidden=\"true\" class=\"e-font-icon-svg e-fas-arrow-right\" viewbox=\"0 0 448 512\" xmlns=\"http:\/\/www.w3.org\/2000\/svg\"><path d=\"M190.5 66.9l22.2-22.2c9.4-9.4 24.6-9.4 33.9 0L441 239c9.4 9.4 9.4 24.6 0 33.9L246.6 467.3c-9.4 9.4-24.6 9.4-33.9 0l-22.2-22.2c-9.5-9.5-9.3-25 .4-34.3L311.4 296H24c-13.3 0-24-10.7-24-24v-32c0-13.3 10.7-24 24-24h287.4L190.9 101.2c-9.8-9.3-10-24.8-.4-34.3z\"><\/path><\/svg>\t\t\t<\/span>\n\t\t\t\t\t\t\t\t\t<span class=\"motta-button__text\">Voir un exemple<\/span>\n\t\t\t\t\t\t<\/a>\n\t\t\t\t\t\t<\/div>\n\t\t\t\t<\/div>\n\t\t\t\t<\/div>\n\t\t<div class=\"elementor-element elementor-element-ad6908e e-con-full e-flex e-con e-child\" data-id=\"ad6908e\" data-element_type=\"container\">\n\t\t<div class=\"elementor-element elementor-element-71e4432 e-con-full e-flex e-con e-child\" data-id=\"71e4432\" data-element_type=\"container\">\n\t\t\t\t<\/div>\n\t\t\t\t<\/div>\n\t\t\t\t\t<\/div>\n\t\t\t\t<\/div>\n\t\t\t\t<\/div>","protected":false},"excerpt":{"rendered":"<p>Fonctionnalit\u00e9s &gt; Satisfaction Satisfaction D\u00e9tection automatique de votre \u00e9tablissement au lancement de l\u2019application Essai gratuit (30 jours) Demander une d\u00e9mo Un livret d\u2019accueil qui cr\u00e9\u00e9 des souvenirs Vous allez proposer une exp\u00e9rience client enrichie et offrir des fonctions uniques. L\u2019application sollicitera vos clients pour mettre un avis sur Google ou TripAdvisor apr\u00e8s la visite touristique [&hellip;]<\/p>","protected":false},"author":1,"featured_media":0,"parent":101,"menu_order":0,"comment_status":"closed","ping_status":"closed","template":"","meta":{"footnotes":""},"class_list":["post-2359","page","type-page","status-publish","hentry"],"_links":{"self":[{"href":"https:\/\/inroom.fr\/en\/wp-json\/wp\/v2\/pages\/2359","targetHints":{"allow":["GET"]}}],"collection":[{"href":"https:\/\/inroom.fr\/en\/wp-json\/wp\/v2\/pages"}],"about":[{"href":"https:\/\/inroom.fr\/en\/wp-json\/wp\/v2\/types\/page"}],"author":[{"embeddable":true,"href":"https:\/\/inroom.fr\/en\/wp-json\/wp\/v2\/users\/1"}],"replies":[{"embeddable":true,"href":"https:\/\/inroom.fr\/en\/wp-json\/wp\/v2\/comments?post=2359"}],"version-history":[{"count":16,"href":"https:\/\/inroom.fr\/en\/wp-json\/wp\/v2\/pages\/2359\/revisions"}],"predecessor-version":[{"id":3167,"href":"https:\/\/inroom.fr\/en\/wp-json\/wp\/v2\/pages\/2359\/revisions\/3167"}],"up":[{"embeddable":true,"href":"https:\/\/inroom.fr\/en\/wp-json\/wp\/v2\/pages\/101"}],"wp:attachment":[{"href":"https:\/\/inroom.fr\/en\/wp-json\/wp\/v2\/media?parent=2359"}],"curies":[{"name":"wp","href":"https:\/\/api.w.org\/{rel}","templated":true}]}}