{"id":2357,"date":"2025-02-14T13:37:08","date_gmt":"2025-02-14T13:37:08","guid":{"rendered":"https:\/\/inroom.fr\/?page_id=2357"},"modified":"2025-04-16T15:59:56","modified_gmt":"2025-04-16T15:59:56","slug":"notifications-push","status":"publish","type":"page","link":"https:\/\/inroom.fr\/en\/fonctionnalites\/notifications-push\/","title":{"rendered":"Notifications push"},"content":{"rendered":"<div data-elementor-type=\"wp-page\" data-elementor-id=\"2357\" class=\"elementor elementor-2357\" data-elementor-post-type=\"page\">\n\t\t\t\t<div class=\"elementor-element elementor-element-04bb132 e-transform e-flex e-con-boxed e-con e-parent\" data-id=\"04bb132\" data-element_type=\"container\" data-settings=\"{&quot;animation&quot;:&quot;none&quot;,&quot;background_background&quot;:&quot;classic&quot;,&quot;_transform_translateX_effect&quot;:{&quot;unit&quot;:&quot;px&quot;,&quot;size&quot;:&quot;&quot;,&quot;sizes&quot;:[]},&quot;_transform_translateX_effect_tablet&quot;:{&quot;unit&quot;:&quot;px&quot;,&quot;size&quot;:&quot;&quot;,&quot;sizes&quot;:[]},&quot;_transform_translateX_effect_mobile&quot;:{&quot;unit&quot;:&quot;px&quot;,&quot;size&quot;:&quot;&quot;,&quot;sizes&quot;:[]},&quot;_transform_translateY_effect&quot;:{&quot;unit&quot;:&quot;px&quot;,&quot;size&quot;:&quot;&quot;,&quot;sizes&quot;:[]},&quot;_transform_translateY_effect_tablet&quot;:{&quot;unit&quot;:&quot;px&quot;,&quot;size&quot;:&quot;&quot;,&quot;sizes&quot;:[]},&quot;_transform_translateY_effect_mobile&quot;:{&quot;unit&quot;:&quot;px&quot;,&quot;size&quot;:&quot;&quot;,&quot;sizes&quot;:[]}}\">\n\t\t\t\t\t<div class=\"e-con-inner\">\n\t\t<div class=\"elementor-element elementor-element-66340d0 e-con-full e-flex e-con e-child\" data-id=\"66340d0\" data-element_type=\"container\">\n\t\t\t\t<div class=\"elementor-element elementor-element-0713f1a elementor-view-default elementor-widget elementor-widget-icon\" data-id=\"0713f1a\" data-element_type=\"widget\" data-widget_type=\"icon.default\">\n\t\t\t\t<div class=\"elementor-widget-container\">\n\t\t\t\t\t\t\t<div class=\"elementor-icon-wrapper\">\n\t\t\t<a class=\"elementor-icon\" href=\"https:\/\/inroom.fr\/en\">\n\t\t\t<svg xmlns=\"http:\/\/www.w3.org\/2000\/svg\" width=\"16.059\" height=\"14.051\" viewbox=\"0 0 16.059 14.051\"><path id=\"Icon_open-home\" data-name=\"Icon open-home\" d=\"M8.029,0,0,6.022H2.007v8.029H6.022V10.037h4.015v4.015h4.015V5.962l2.007.06Z\"><\/path><\/svg>\t\t\t<\/a>\n\t\t<\/div>\n\t\t\t\t\t\t<\/div>\n\t\t\t\t<\/div>\n\t\t\t\t<div class=\"elementor-element elementor-element-c1a1934 elementor-widget elementor-widget-text-editor\" data-id=\"c1a1934\" data-element_type=\"widget\" data-widget_type=\"text-editor.default\">\n\t\t\t\t<div class=\"elementor-widget-container\">\n\t\t\t\t\t\t\t\t\t<p><a href=\"\/en\/fonctionnalites\/\">Fonctionnalit\u00e9s<\/a> &gt; <strong>Notifications push<\/strong><\/p>\t\t\t\t\t\t\t\t<\/div>\n\t\t\t\t<\/div>\n\t\t\t\t<\/div>\n\t\t\t\t<div class=\"elementor-element elementor-element-5b0906f elementor-view-default elementor-widget elementor-widget-icon\" data-id=\"5b0906f\" data-element_type=\"widget\" data-widget_type=\"icon.default\">\n\t\t\t\t<div class=\"elementor-widget-container\">\n\t\t\t\t\t\t\t<div class=\"elementor-icon-wrapper\">\n\t\t\t<div class=\"elementor-icon\">\n\t\t\t<svg xmlns=\"http:\/\/www.w3.org\/2000\/svg\" xmlns:xlink=\"http:\/\/www.w3.org\/1999\/xlink\" id=\"Component_8_1\" data-name=\"Component 8 &#x2013; 1\" width=\"188\" height=\"188\" viewbox=\"0 0 188 188\"><defs><clippath id=\"clip-path\"><rect id=\"Rectangle_209\" data-name=\"Rectangle 209\" width=\"110.688\" height=\"108.113\" fill=\"#fff\" stroke=\"#733bff\" stroke-width=\"2\"><\/rect><\/clippath><\/defs><rect id=\"Rectangle_3075\" data-name=\"Rectangle 3075\" width=\"188\" height=\"188\" rx=\"50\" fill=\"#733bff\"><\/rect><g id=\"Group_162\" data-name=\"Group 162\" transform=\"translate(39.552 39.943)\"><g id=\"Group_120\" data-name=\"Group 120\" clip-path=\"url(#clip-path)\"><path id=\"Path_108\" data-name=\"Path 108\" d=\"M22.638,197.477a3.862,3.862,0,0,1-2.589,4.808,35.154,35.154,0,0,0-9.909,4.36c-2.226,1.579-2.418,2.6-2.418,2.863s.193,1.284,2.418,2.863a35.174,35.174,0,0,0,9.909,4.361c8.866,2.659,21.345,4.361,35.294,4.361s26.429-1.7,35.294-4.361a35.174,35.174,0,0,0,9.909-4.361c2.226-1.578,2.418-2.6,2.418-2.863s-.193-1.283-2.418-2.862a35.127,35.127,0,0,0-9.909-4.361,3.862,3.862,0,0,1,2.219-7.4,42.532,42.532,0,0,1,12.157,5.459c2.985,2.116,5.673,5.156,5.673,9.161s-2.688,7.044-5.673,9.162a42.531,42.531,0,0,1-12.157,5.458c-9.767,2.93-23.029,4.686-37.513,4.686s-27.746-1.756-37.513-4.686a42.538,42.538,0,0,1-12.158-5.458C2.688,216.552,0,213.512,0,209.508s2.688-7.044,5.673-9.161a42.54,42.54,0,0,1,12.158-5.459A3.862,3.862,0,0,1,22.638,197.477Z\" transform=\"translate(0 -120.701)\" fill=\"#fff\" stroke=\"#733bff\" stroke-width=\"2\" fill-rule=\"evenodd\"><\/path><path id=\"Path_109\" data-name=\"Path 109\" d=\"M47.4,36.505C47.4,16.254,64.2,0,84.725,0S122.05,16.254,122.05,36.505c0,14.232-9.314,26.973-17.821,35.746a116.774,116.774,0,0,1-11.9,10.64c-1.621,1.264-2.977,2.252-3.935,2.93-.479.339-.859.6-1.124.78l-.308.208-.086.057-.025.016-.008,0s0,0-2.117-3.229c-2.112,3.232-2.113,3.232-2.114,3.231l-.011-.007-.025-.016-.086-.057-.308-.208c-.265-.18-.644-.441-1.124-.78-.958-.678-2.313-1.666-3.935-2.93a116.815,116.815,0,0,1-11.9-10.64C56.714,63.478,47.4,50.737,47.4,36.505ZM84.725,83.659,82.611,86.89a3.865,3.865,0,0,0,4.227,0Zm0-4.708c.782-.567,1.75-1.288,2.855-2.149a109.22,109.22,0,0,0,11.105-9.926c8.225-8.483,15.643-19.319,15.643-30.37,0-15.807-13.163-28.784-29.6-28.784s-29.6,12.976-29.6,28.784c0,11.052,7.418,21.887,15.643,30.37A109.179,109.179,0,0,0,81.87,76.8c1.105.861,2.073,1.582,2.855,2.149\" transform=\"translate(-29.381 0.001)\" fill=\"#fff\" stroke=\"#733bff\" stroke-width=\"2\" fill-rule=\"evenodd\"><\/path><path id=\"Path_110\" data-name=\"Path 110\" d=\"M101.572,70.9A16.732,16.732,0,1,1,118.3,87.635,16.732,16.732,0,0,1,101.572,70.9M118.3,61.894a9.009,9.009,0,1,0,9.009,9.009,9.01,9.01,0,0,0-9.009-9.009\" transform=\"translate(-62.96 -33.579)\" fill=\"#fff\" stroke=\"#733bff\" stroke-width=\"2\" fill-rule=\"evenodd\"><\/path><\/g><\/g><\/svg>\t\t\t<\/div>\n\t\t<\/div>\n\t\t\t\t\t\t<\/div>\n\t\t\t\t<\/div>\n\t\t<div class=\"elementor-element elementor-element-e23adcd e-con-full e-flex e-con e-child\" data-id=\"e23adcd\" data-element_type=\"container\">\n\t\t\t\t<div class=\"elementor-element elementor-element-385f583 elementor-widget elementor-widget-motta-heading\" data-id=\"385f583\" data-element_type=\"widget\" data-widget_type=\"motta-heading.default\">\n\t\t\t\t<div class=\"elementor-widget-container\">\n\t\t\t\t\t\t\t<div class=\"motta-heading-elementor motta-heading__button-on\">\r\n\t\t\t\t<h2 class=\"motta-heading motta-heading--default\">\r\n\t\t\t\t\tNotifications push\t\t\t\t<\/h2>\r\n\t\t\t\t\t\t\t<\/div>\r\n\t\t\t\t\t\t<\/div>\n\t\t\t\t<\/div>\n\t\t\t\t<div class=\"elementor-element elementor-element-ab7f38e elementor-view-default elementor-widget elementor-widget-icon\" data-id=\"ab7f38e\" data-element_type=\"widget\" data-widget_type=\"icon.default\">\n\t\t\t\t<div class=\"elementor-widget-container\">\n\t\t\t\t\t\t\t<div class=\"elementor-icon-wrapper\">\n\t\t\t<div class=\"elementor-icon\">\n\t\t\t<svg xmlns=\"http:\/\/www.w3.org\/2000\/svg\" width=\"45\" height=\"45\" viewbox=\"0 0 45 45\"><path id=\"Path_103\" data-name=\"Path 103\" d=\"M629,21.3V0H619.6V13.484a4.313,4.313,0,0,1-4.313,4.313H601.8V27.2h12.16A6.284,6.284,0,0,0,619.6,23.7V45H629V31.516a4.313,4.313,0,0,1,4.313-4.313H646.8V17.8H634.9A6.709,6.709,0,0,0,629,21.3\" transform=\"translate(-601.8)\" fill=\"#733bff\"><\/path><\/svg>\t\t\t<\/div>\n\t\t<\/div>\n\t\t\t\t\t\t<\/div>\n\t\t\t\t<\/div>\n\t\t\t\t<\/div>\n\t\t\t\t<div class=\"elementor-element elementor-element-b36ceb1 elementor-widget elementor-widget-text-editor\" data-id=\"b36ceb1\" data-element_type=\"widget\" data-widget_type=\"text-editor.default\">\n\t\t\t\t<div class=\"elementor-widget-container\">\n\t\t\t\t\t\t\t\t\t<p>Alertez vos clients en temps r\u00e9el sur vos offres et services<\/p>\t\t\t\t\t\t\t\t<\/div>\n\t\t\t\t<\/div>\n\t\t<div class=\"elementor-element elementor-element-2a6dbd4 e-con-full e-flex e-con e-child\" data-id=\"2a6dbd4\" data-element_type=\"container\">\n\t\t\t\t<div class=\"elementor-element elementor-element-04842d3 elementor-widget__width-auto elementor-widget elementor-widget-motta-button\" data-id=\"04842d3\" data-element_type=\"widget\" data-widget_type=\"motta-button.default\">\n\t\t\t\t<div class=\"elementor-widget-container\">\n\t\t\t\t\t\t\t<a class=\"motta-button motta-button-primary  motta-button--base  motta-button--large\" href=\"https:\/\/inroom.fr\/en\/tarifs\/\">\n\t\t\t\t\t\t\t\t<span class=\"motta-button__icon motta-svg-icon motta-align-icon-right\">\n\t\t\t\t<svg aria-hidden=\"true\" class=\"e-font-icon-svg e-fas-arrow-right\" viewbox=\"0 0 448 512\" xmlns=\"http:\/\/www.w3.org\/2000\/svg\"><path d=\"M190.5 66.9l22.2-22.2c9.4-9.4 24.6-9.4 33.9 0L441 239c9.4 9.4 9.4 24.6 0 33.9L246.6 467.3c-9.4 9.4-24.6 9.4-33.9 0l-22.2-22.2c-9.5-9.5-9.3-25 .4-34.3L311.4 296H24c-13.3 0-24-10.7-24-24v-32c0-13.3 10.7-24 24-24h287.4L190.9 101.2c-9.8-9.3-10-24.8-.4-34.3z\"><\/path><\/svg>\t\t\t<\/span>\n\t\t\t\t\t\t\t\t\t<span class=\"motta-button__text\">Essai gratuit (30 jours)<\/span>\n\t\t\t\t\t\t<\/a>\n\t\t\t\t\t\t<\/div>\n\t\t\t\t<\/div>\n\t\t\t\t<div class=\"elementor-element elementor-element-f4702bb elementor-widget__width-auto elementor-widget elementor-widget-motta-button\" data-id=\"f4702bb\" data-element_type=\"widget\" data-widget_type=\"motta-button.default\">\n\t\t\t\t<div class=\"elementor-widget-container\">\n\t\t\t\t\t\t\t<a class=\"motta-button motta-button-primary  motta-button--ghost  motta-button--color-black  motta-button--large\" href=\"https:\/\/inroom.fr\/en\/decouverte\/\">\n\t\t\t\t\t\t\t\t<span class=\"motta-button__icon motta-svg-icon motta-align-icon-right\">\n\t\t\t\t<svg aria-hidden=\"true\" class=\"e-font-icon-svg e-fas-arrow-right\" viewbox=\"0 0 448 512\" xmlns=\"http:\/\/www.w3.org\/2000\/svg\"><path d=\"M190.5 66.9l22.2-22.2c9.4-9.4 24.6-9.4 33.9 0L441 239c9.4 9.4 9.4 24.6 0 33.9L246.6 467.3c-9.4 9.4-24.6 9.4-33.9 0l-22.2-22.2c-9.5-9.5-9.3-25 .4-34.3L311.4 296H24c-13.3 0-24-10.7-24-24v-32c0-13.3 10.7-24 24-24h287.4L190.9 101.2c-9.8-9.3-10-24.8-.4-34.3z\"><\/path><\/svg>\t\t\t<\/span>\n\t\t\t\t\t\t\t\t\t<span class=\"motta-button__text\">Demander une d\u00e9mo<\/span>\n\t\t\t\t\t\t<\/a>\n\t\t\t\t\t\t<\/div>\n\t\t\t\t<\/div>\n\t\t\t\t<\/div>\n\t\t<div class=\"elementor-element elementor-element-a425d2a e-flex e-con-boxed e-con e-child\" data-id=\"a425d2a\" data-element_type=\"container\">\n\t\t\t\t\t<div class=\"e-con-inner\">\n\t\t\t\t\t<\/div>\n\t\t\t\t<\/div>\n\t\t\t\t\t<\/div>\n\t\t\t\t<\/div>\n\t\t<div class=\"elementor-element elementor-element-025a837 e-transform e-flex e-con-boxed e-con e-parent\" data-id=\"025a837\" data-element_type=\"container\" data-settings=\"{&quot;background_background&quot;:&quot;classic&quot;,&quot;_transform_translateY_effect&quot;:{&quot;unit&quot;:&quot;px&quot;,&quot;size&quot;:-60,&quot;sizes&quot;:[]},&quot;_transform_translateX_effect&quot;:{&quot;unit&quot;:&quot;px&quot;,&quot;size&quot;:&quot;&quot;,&quot;sizes&quot;:[]},&quot;_transform_translateX_effect_tablet&quot;:{&quot;unit&quot;:&quot;px&quot;,&quot;size&quot;:&quot;&quot;,&quot;sizes&quot;:[]},&quot;_transform_translateX_effect_mobile&quot;:{&quot;unit&quot;:&quot;px&quot;,&quot;size&quot;:&quot;&quot;,&quot;sizes&quot;:[]},&quot;_transform_translateY_effect_tablet&quot;:{&quot;unit&quot;:&quot;px&quot;,&quot;size&quot;:&quot;&quot;,&quot;sizes&quot;:[]},&quot;_transform_translateY_effect_mobile&quot;:{&quot;unit&quot;:&quot;px&quot;,&quot;size&quot;:&quot;&quot;,&quot;sizes&quot;:[]}}\">\n\t\t\t\t\t<div class=\"e-con-inner\">\n\t\t<div class=\"elementor-element elementor-element-65fc420 e-con-full e-flex e-con e-child\" data-id=\"65fc420\" data-element_type=\"container\">\n\t\t\t\t<div class=\"elementor-element elementor-element-9e5da35 elementor-widget elementor-widget-motta-heading\" data-id=\"9e5da35\" data-element_type=\"widget\" data-widget_type=\"motta-heading.default\">\n\t\t\t\t<div class=\"elementor-widget-container\">\n\t\t\t\t\t\t\t<div class=\"motta-heading-elementor motta-heading__button-on\">\r\n\t\t\t\t<h2 class=\"motta-heading motta-heading--default\">\r\n\t\t\t\t\tCommunication imm\u00e9diate et efficace\n\t\t\t\t<\/h2>\r\n\t\t\t\t\t\t\t<\/div>\r\n\t\t\t\t\t\t<\/div>\n\t\t\t\t<\/div>\n\t\t\t\t<div class=\"elementor-element elementor-element-d61d283 elementor-widget elementor-widget-text-editor\" data-id=\"d61d283\" data-element_type=\"widget\" data-widget_type=\"text-editor.default\">\n\t\t\t\t<div class=\"elementor-widget-container\">\n\t\t\t\t\t\t\t\t\t<p>Envoyez des messages qui s\u2019afficheront instantan\u00e9ment sous forme de notification push sur le t\u00e9l\u00e9phone de vos clients. Un levier percutant pour les informer sur vos offres et services, alerter sur une communication importante ou obtenir des r\u00e9servations de derni\u00e8re minute.<\/p>\t\t\t\t\t\t\t\t<\/div>\n\t\t\t\t<\/div>\n\t\t\t\t<div class=\"elementor-element elementor-element-db40812 btn-bubble-b elementor-widget elementor-widget-motta-button\" data-id=\"db40812\" data-element_type=\"widget\" data-widget_type=\"motta-button.default\">\n\t\t\t\t<div class=\"elementor-widget-container\">\n\t\t\t\t\t\t\t<a class=\"motta-button motta-button-primary  motta-button--base  motta-button--medium\" href=\"https:\/\/inroom.fr\/en\/decouverte\/\">\n\t\t\t\t\t\t\t\t<span class=\"motta-button__icon motta-svg-icon motta-align-icon-right\">\n\t\t\t\t<svg aria-hidden=\"true\" class=\"e-font-icon-svg e-fas-arrow-right\" viewbox=\"0 0 448 512\" xmlns=\"http:\/\/www.w3.org\/2000\/svg\"><path d=\"M190.5 66.9l22.2-22.2c9.4-9.4 24.6-9.4 33.9 0L441 239c9.4 9.4 9.4 24.6 0 33.9L246.6 467.3c-9.4 9.4-24.6 9.4-33.9 0l-22.2-22.2c-9.5-9.5-9.3-25 .4-34.3L311.4 296H24c-13.3 0-24-10.7-24-24v-32c0-13.3 10.7-24 24-24h287.4L190.9 101.2c-9.8-9.3-10-24.8-.4-34.3z\"><\/path><\/svg>\t\t\t<\/span>\n\t\t\t\t\t\t\t\t\t<span class=\"motta-button__text\">Voir un exemple<\/span>\n\t\t\t\t\t\t<\/a>\n\t\t\t\t\t\t<\/div>\n\t\t\t\t<\/div>\n\t\t\t\t<\/div>\n\t\t<div class=\"elementor-element elementor-element-ad6908e e-con-full e-flex e-con e-child\" data-id=\"ad6908e\" data-element_type=\"container\">\n\t\t<div class=\"elementor-element elementor-element-71e4432 e-con-full e-flex e-con e-child\" data-id=\"71e4432\" data-element_type=\"container\">\n\t\t\t\t<div class=\"elementor-element elementor-element-8969fc1 elementor-widget elementor-widget-image\" data-id=\"8969fc1\" data-element_type=\"widget\" data-widget_type=\"image.default\">\n\t\t\t\t<div class=\"elementor-widget-container\">\n\t\t\t\t\t\t\t\t\t\t\t\t\t\t\t<img fetchpriority=\"high\" decoding=\"async\" width=\"640\" height=\"734\" src=\"https:\/\/inroom.fr\/wp-content\/uploads\/2025\/02\/Component-4-\u2013-1.png\" class=\"attachment-large size-large wp-image-1912\" alt=\"\" srcset=\"https:\/\/inroom.fr\/wp-content\/uploads\/2025\/02\/Component-4-\u2013-1.png 855w, https:\/\/inroom.fr\/wp-content\/uploads\/2025\/02\/Component-4-\u2013-1-262x300.png 262w, https:\/\/inroom.fr\/wp-content\/uploads\/2025\/02\/Component-4-\u2013-1-768x880.png 768w, https:\/\/inroom.fr\/wp-content\/uploads\/2025\/02\/Component-4-\u2013-1-10x12.png 10w, https:\/\/inroom.fr\/wp-content\/uploads\/2025\/02\/Component-4-\u2013-1-650x745.png 650w\" sizes=\"(max-width: 640px) 100vw, 640px\" \/>\t\t\t\t\t\t\t\t\t\t\t\t\t\t\t<\/div>\n\t\t\t\t<\/div>\n\t\t\t\t<\/div>\n\t\t\t\t<\/div>\n\t\t\t\t\t<\/div>\n\t\t\t\t<\/div>\n\t\t<div class=\"elementor-element elementor-element-c953d1e e-transform e-flex e-con-boxed e-con e-parent\" data-id=\"c953d1e\" data-element_type=\"container\" data-settings=\"{&quot;background_background&quot;:&quot;classic&quot;,&quot;_transform_translateY_effect&quot;:{&quot;unit&quot;:&quot;px&quot;,&quot;size&quot;:-60,&quot;sizes&quot;:[]},&quot;_transform_translateX_effect&quot;:{&quot;unit&quot;:&quot;px&quot;,&quot;size&quot;:&quot;&quot;,&quot;sizes&quot;:[]},&quot;_transform_translateX_effect_tablet&quot;:{&quot;unit&quot;:&quot;px&quot;,&quot;size&quot;:&quot;&quot;,&quot;sizes&quot;:[]},&quot;_transform_translateX_effect_mobile&quot;:{&quot;unit&quot;:&quot;px&quot;,&quot;size&quot;:&quot;&quot;,&quot;sizes&quot;:[]},&quot;_transform_translateY_effect_tablet&quot;:{&quot;unit&quot;:&quot;px&quot;,&quot;size&quot;:&quot;&quot;,&quot;sizes&quot;:[]},&quot;_transform_translateY_effect_mobile&quot;:{&quot;unit&quot;:&quot;px&quot;,&quot;size&quot;:&quot;&quot;,&quot;sizes&quot;:[]}}\">\n\t\t\t\t\t<div class=\"e-con-inner\">\n\t\t<div class=\"elementor-element elementor-element-0bd96aa e-con-full e-flex e-con e-child\" data-id=\"0bd96aa\" data-element_type=\"container\">\n\t\t\t\t<div class=\"elementor-element elementor-element-07a8e37 elementor-widget elementor-widget-image\" data-id=\"07a8e37\" data-element_type=\"widget\" data-widget_type=\"image.default\">\n\t\t\t\t<div class=\"elementor-widget-container\">\n\t\t\t\t\t\t\t\t\t\t\t\t\t\t\t<img decoding=\"async\" width=\"529\" height=\"354\" src=\"https:\/\/inroom.fr\/wp-content\/uploads\/2025\/03\/personnalisation.png\" class=\"attachment-large size-large wp-image-2635\" alt=\"\" srcset=\"https:\/\/inroom.fr\/wp-content\/uploads\/2025\/03\/personnalisation.png 529w, https:\/\/inroom.fr\/wp-content\/uploads\/2025\/03\/personnalisation-300x201.png 300w, https:\/\/inroom.fr\/wp-content\/uploads\/2025\/03\/personnalisation-18x12.png 18w\" sizes=\"(max-width: 529px) 100vw, 529px\" \/>\t\t\t\t\t\t\t\t\t\t\t\t\t\t\t<\/div>\n\t\t\t\t<\/div>\n\t\t\t\t<\/div>\n\t\t<div class=\"elementor-element elementor-element-0ddce63 e-con-full e-flex e-con e-child\" data-id=\"0ddce63\" data-element_type=\"container\">\n\t\t\t\t<div class=\"elementor-element elementor-element-e8885b2 elementor-widget elementor-widget-motta-heading\" data-id=\"e8885b2\" data-element_type=\"widget\" data-widget_type=\"motta-heading.default\">\n\t\t\t\t<div class=\"elementor-widget-container\">\n\t\t\t\t\t\t\t<div class=\"motta-heading-elementor motta-heading__button-on\">\r\n\t\t\t\t<h2 class=\"motta-heading motta-heading--default\">\r\n\t\t\t\t\tUne fonction simple et rapide \u00e0 utiliser\n\t\t\t\t<\/h2>\r\n\t\t\t\t\t\t\t<\/div>\r\n\t\t\t\t\t\t<\/div>\n\t\t\t\t<\/div>\n\t\t\t\t<div class=\"elementor-element elementor-element-44d1bb8 elementor-widget elementor-widget-text-editor\" data-id=\"44d1bb8\" data-element_type=\"widget\" data-widget_type=\"text-editor.default\">\n\t\t\t\t<div class=\"elementor-widget-container\">\n\t\t\t\t\t\t\t\t\t<p>Depuis votre interface, choisissez simplement le message et l\u2019heure de l\u2019envoi. En quelques clics, votre communication est pr\u00eate<\/p>\t\t\t\t\t\t\t\t<\/div>\n\t\t\t\t<\/div>\n\t\t\t\t<\/div>\n\t\t\t\t\t<\/div>\n\t\t\t\t<\/div>\n\t\t\t\t<\/div>","protected":false},"excerpt":{"rendered":"<p>Fonctionnalit\u00e9s &gt; Notifications push Notifications push Alertez vos clients en temps r\u00e9el sur vos offres et services Essai gratuit (30 jours) Demander une d\u00e9mo Communication imm\u00e9diate et efficace Envoyez des messages qui s\u2019afficheront instantan\u00e9ment sous forme de notification push sur le t\u00e9l\u00e9phone de vos clients. Un levier percutant pour les informer sur vos offres et [&hellip;]<\/p>","protected":false},"author":1,"featured_media":0,"parent":101,"menu_order":0,"comment_status":"closed","ping_status":"closed","template":"","meta":{"footnotes":""},"class_list":["post-2357","page","type-page","status-publish","hentry"],"_links":{"self":[{"href":"https:\/\/inroom.fr\/en\/wp-json\/wp\/v2\/pages\/2357","targetHints":{"allow":["GET"]}}],"collection":[{"href":"https:\/\/inroom.fr\/en\/wp-json\/wp\/v2\/pages"}],"about":[{"href":"https:\/\/inroom.fr\/en\/wp-json\/wp\/v2\/types\/page"}],"author":[{"embeddable":true,"href":"https:\/\/inroom.fr\/en\/wp-json\/wp\/v2\/users\/1"}],"replies":[{"embeddable":true,"href":"https:\/\/inroom.fr\/en\/wp-json\/wp\/v2\/comments?post=2357"}],"version-history":[{"count":19,"href":"https:\/\/inroom.fr\/en\/wp-json\/wp\/v2\/pages\/2357\/revisions"}],"predecessor-version":[{"id":3164,"href":"https:\/\/inroom.fr\/en\/wp-json\/wp\/v2\/pages\/2357\/revisions\/3164"}],"up":[{"embeddable":true,"href":"https:\/\/inroom.fr\/en\/wp-json\/wp\/v2\/pages\/101"}],"wp:attachment":[{"href":"https:\/\/inroom.fr\/en\/wp-json\/wp\/v2\/media?parent=2357"}],"curies":[{"name":"wp","href":"https:\/\/api.w.org\/{rel}","templated":true}]}}