{"id":2353,"date":"2025-02-14T10:53:04","date_gmt":"2025-02-14T10:53:04","guid":{"rendered":"https:\/\/inroom.fr\/?page_id=2353"},"modified":"2025-04-16T15:27:14","modified_gmt":"2025-04-16T15:27:14","slug":"cle-en-main","status":"publish","type":"page","link":"https:\/\/inroom.fr\/en\/cle-en-main\/","title":{"rendered":"Cl\u00e9 en main"},"content":{"rendered":"<div data-elementor-type=\"wp-page\" data-elementor-id=\"2353\" class=\"elementor elementor-2353\" data-elementor-post-type=\"page\">\n\t\t\t\t<div class=\"elementor-element elementor-element-04bb132 e-transform e-flex e-con-boxed e-con e-parent\" data-id=\"04bb132\" data-element_type=\"container\" data-settings=\"{&quot;animation&quot;:&quot;none&quot;,&quot;background_background&quot;:&quot;classic&quot;,&quot;_transform_translateX_effect&quot;:{&quot;unit&quot;:&quot;px&quot;,&quot;size&quot;:&quot;&quot;,&quot;sizes&quot;:[]},&quot;_transform_translateX_effect_tablet&quot;:{&quot;unit&quot;:&quot;px&quot;,&quot;size&quot;:&quot;&quot;,&quot;sizes&quot;:[]},&quot;_transform_translateX_effect_mobile&quot;:{&quot;unit&quot;:&quot;px&quot;,&quot;size&quot;:&quot;&quot;,&quot;sizes&quot;:[]},&quot;_transform_translateY_effect&quot;:{&quot;unit&quot;:&quot;px&quot;,&quot;size&quot;:&quot;&quot;,&quot;sizes&quot;:[]},&quot;_transform_translateY_effect_tablet&quot;:{&quot;unit&quot;:&quot;px&quot;,&quot;size&quot;:&quot;&quot;,&quot;sizes&quot;:[]},&quot;_transform_translateY_effect_mobile&quot;:{&quot;unit&quot;:&quot;px&quot;,&quot;size&quot;:&quot;&quot;,&quot;sizes&quot;:[]}}\">\n\t\t\t\t\t<div class=\"e-con-inner\">\n\t\t<div class=\"elementor-element elementor-element-66340d0 e-con-full e-flex e-con e-child\" data-id=\"66340d0\" data-element_type=\"container\">\n\t\t\t\t<div class=\"elementor-element elementor-element-0713f1a elementor-view-default elementor-widget elementor-widget-icon\" data-id=\"0713f1a\" data-element_type=\"widget\" data-widget_type=\"icon.default\">\n\t\t\t\t<div class=\"elementor-widget-container\">\n\t\t\t\t\t\t\t<div class=\"elementor-icon-wrapper\">\n\t\t\t<a class=\"elementor-icon\" href=\"https:\/\/inroom.fr\/en\">\n\t\t\t<svg xmlns=\"http:\/\/www.w3.org\/2000\/svg\" width=\"16.059\" height=\"14.051\" viewbox=\"0 0 16.059 14.051\"><path id=\"Icon_open-home\" data-name=\"Icon open-home\" d=\"M8.029,0,0,6.022H2.007v8.029H6.022V10.037h4.015v4.015h4.015V5.962l2.007.06Z\"><\/path><\/svg>\t\t\t<\/a>\n\t\t<\/div>\n\t\t\t\t\t\t<\/div>\n\t\t\t\t<\/div>\n\t\t\t\t<div class=\"elementor-element elementor-element-c1a1934 elementor-widget elementor-widget-text-editor\" data-id=\"c1a1934\" data-element_type=\"widget\" data-widget_type=\"text-editor.default\">\n\t\t\t\t<div class=\"elementor-widget-container\">\n\t\t\t\t\t\t\t\t\t<p><a href=\"\/en\/fonctionnalites\/\">Fonctionnalit\u00e9s<\/a> &gt; <strong>Cl\u00e9 en main<\/strong><\/p>\t\t\t\t\t\t\t\t<\/div>\n\t\t\t\t<\/div>\n\t\t\t\t<\/div>\n\t\t\t\t<div class=\"elementor-element elementor-element-5b0906f elementor-view-default elementor-widget elementor-widget-icon\" data-id=\"5b0906f\" data-element_type=\"widget\" data-widget_type=\"icon.default\">\n\t\t\t\t<div class=\"elementor-widget-container\">\n\t\t\t\t\t\t\t<div class=\"elementor-icon-wrapper\">\n\t\t\t<div class=\"elementor-icon\">\n\t\t\t<svg xmlns=\"http:\/\/www.w3.org\/2000\/svg\" xmlns:xlink=\"http:\/\/www.w3.org\/1999\/xlink\" id=\"Component_8_1\" data-name=\"Component 8 &#x2013; 1\" width=\"188\" height=\"188\" viewbox=\"0 0 188 188\"><defs><clippath id=\"clip-path\"><rect id=\"Rectangle_209\" data-name=\"Rectangle 209\" width=\"110.688\" height=\"108.113\" fill=\"#fff\" stroke=\"#733bff\" stroke-width=\"2\"><\/rect><\/clippath><\/defs><rect id=\"Rectangle_3075\" data-name=\"Rectangle 3075\" width=\"188\" height=\"188\" rx=\"50\" fill=\"#733bff\"><\/rect><g id=\"Group_162\" data-name=\"Group 162\" transform=\"translate(39.552 39.943)\"><g id=\"Group_120\" data-name=\"Group 120\" clip-path=\"url(#clip-path)\"><path id=\"Path_108\" data-name=\"Path 108\" d=\"M22.638,197.477a3.862,3.862,0,0,1-2.589,4.808,35.154,35.154,0,0,0-9.909,4.36c-2.226,1.579-2.418,2.6-2.418,2.863s.193,1.284,2.418,2.863a35.174,35.174,0,0,0,9.909,4.361c8.866,2.659,21.345,4.361,35.294,4.361s26.429-1.7,35.294-4.361a35.174,35.174,0,0,0,9.909-4.361c2.226-1.578,2.418-2.6,2.418-2.863s-.193-1.283-2.418-2.862a35.127,35.127,0,0,0-9.909-4.361,3.862,3.862,0,0,1,2.219-7.4,42.532,42.532,0,0,1,12.157,5.459c2.985,2.116,5.673,5.156,5.673,9.161s-2.688,7.044-5.673,9.162a42.531,42.531,0,0,1-12.157,5.458c-9.767,2.93-23.029,4.686-37.513,4.686s-27.746-1.756-37.513-4.686a42.538,42.538,0,0,1-12.158-5.458C2.688,216.552,0,213.512,0,209.508s2.688-7.044,5.673-9.161a42.54,42.54,0,0,1,12.158-5.459A3.862,3.862,0,0,1,22.638,197.477Z\" transform=\"translate(0 -120.701)\" fill=\"#fff\" stroke=\"#733bff\" stroke-width=\"2\" fill-rule=\"evenodd\"><\/path><path id=\"Path_109\" data-name=\"Path 109\" d=\"M47.4,36.505C47.4,16.254,64.2,0,84.725,0S122.05,16.254,122.05,36.505c0,14.232-9.314,26.973-17.821,35.746a116.774,116.774,0,0,1-11.9,10.64c-1.621,1.264-2.977,2.252-3.935,2.93-.479.339-.859.6-1.124.78l-.308.208-.086.057-.025.016-.008,0s0,0-2.117-3.229c-2.112,3.232-2.113,3.232-2.114,3.231l-.011-.007-.025-.016-.086-.057-.308-.208c-.265-.18-.644-.441-1.124-.78-.958-.678-2.313-1.666-3.935-2.93a116.815,116.815,0,0,1-11.9-10.64C56.714,63.478,47.4,50.737,47.4,36.505ZM84.725,83.659,82.611,86.89a3.865,3.865,0,0,0,4.227,0Zm0-4.708c.782-.567,1.75-1.288,2.855-2.149a109.22,109.22,0,0,0,11.105-9.926c8.225-8.483,15.643-19.319,15.643-30.37,0-15.807-13.163-28.784-29.6-28.784s-29.6,12.976-29.6,28.784c0,11.052,7.418,21.887,15.643,30.37A109.179,109.179,0,0,0,81.87,76.8c1.105.861,2.073,1.582,2.855,2.149\" transform=\"translate(-29.381 0.001)\" fill=\"#fff\" stroke=\"#733bff\" stroke-width=\"2\" fill-rule=\"evenodd\"><\/path><path id=\"Path_110\" data-name=\"Path 110\" d=\"M101.572,70.9A16.732,16.732,0,1,1,118.3,87.635,16.732,16.732,0,0,1,101.572,70.9M118.3,61.894a9.009,9.009,0,1,0,9.009,9.009,9.01,9.01,0,0,0-9.009-9.009\" transform=\"translate(-62.96 -33.579)\" fill=\"#fff\" stroke=\"#733bff\" stroke-width=\"2\" fill-rule=\"evenodd\"><\/path><\/g><\/g><\/svg>\t\t\t<\/div>\n\t\t<\/div>\n\t\t\t\t\t\t<\/div>\n\t\t\t\t<\/div>\n\t\t<div class=\"elementor-element elementor-element-e23adcd e-con-full e-flex e-con e-child\" data-id=\"e23adcd\" data-element_type=\"container\">\n\t\t\t\t<div class=\"elementor-element elementor-element-385f583 elementor-widget elementor-widget-motta-heading\" data-id=\"385f583\" data-element_type=\"widget\" data-widget_type=\"motta-heading.default\">\n\t\t\t\t<div class=\"elementor-widget-container\">\n\t\t\t\t\t\t\t<div class=\"motta-heading-elementor motta-heading__button-on\">\r\n\t\t\t\t<h2 class=\"motta-heading motta-heading--default\">\r\n\t\t\t\t\tCl\u00e9 en main\t\t\t\t<\/h2>\r\n\t\t\t\t\t\t\t<\/div>\r\n\t\t\t\t\t\t<\/div>\n\t\t\t\t<\/div>\n\t\t\t\t<div class=\"elementor-element elementor-element-ab7f38e elementor-view-default elementor-widget elementor-widget-icon\" data-id=\"ab7f38e\" data-element_type=\"widget\" data-widget_type=\"icon.default\">\n\t\t\t\t<div class=\"elementor-widget-container\">\n\t\t\t\t\t\t\t<div class=\"elementor-icon-wrapper\">\n\t\t\t<div class=\"elementor-icon\">\n\t\t\t<svg xmlns=\"http:\/\/www.w3.org\/2000\/svg\" width=\"45\" height=\"45\" viewbox=\"0 0 45 45\"><path id=\"Path_103\" data-name=\"Path 103\" d=\"M629,21.3V0H619.6V13.484a4.313,4.313,0,0,1-4.313,4.313H601.8V27.2h12.16A6.284,6.284,0,0,0,619.6,23.7V45H629V31.516a4.313,4.313,0,0,1,4.313-4.313H646.8V17.8H634.9A6.709,6.709,0,0,0,629,21.3\" transform=\"translate(-601.8)\" fill=\"#733bff\"><\/path><\/svg>\t\t\t<\/div>\n\t\t<\/div>\n\t\t\t\t\t\t<\/div>\n\t\t\t\t<\/div>\n\t\t\t\t<\/div>\n\t\t\t\t<div class=\"elementor-element elementor-element-b36ceb1 elementor-widget elementor-widget-text-editor\" data-id=\"b36ceb1\" data-element_type=\"widget\" data-widget_type=\"text-editor.default\">\n\t\t\t\t<div class=\"elementor-widget-container\">\n\t\t\t\t\t\t\t\t\t<p>Utilisez des modules pr\u00e9configur\u00e9s ou sur mesure en fonction de vos besoins<\/p>\t\t\t\t\t\t\t\t<\/div>\n\t\t\t\t<\/div>\n\t\t<div class=\"elementor-element elementor-element-2a6dbd4 e-con-full e-flex e-con e-child\" data-id=\"2a6dbd4\" data-element_type=\"container\">\n\t\t\t\t<div class=\"elementor-element elementor-element-04842d3 elementor-widget__width-auto elementor-widget elementor-widget-motta-button\" data-id=\"04842d3\" data-element_type=\"widget\" data-widget_type=\"motta-button.default\">\n\t\t\t\t<div class=\"elementor-widget-container\">\n\t\t\t\t\t\t\t<a class=\"motta-button motta-button-primary  motta-button--base  motta-button--large\" href=\"https:\/\/inroom.fr\/en\/tarifs\/\">\n\t\t\t\t\t\t\t\t<span class=\"motta-button__icon motta-svg-icon motta-align-icon-right\">\n\t\t\t\t<svg aria-hidden=\"true\" class=\"e-font-icon-svg e-fas-arrow-right\" viewbox=\"0 0 448 512\" xmlns=\"http:\/\/www.w3.org\/2000\/svg\"><path d=\"M190.5 66.9l22.2-22.2c9.4-9.4 24.6-9.4 33.9 0L441 239c9.4 9.4 9.4 24.6 0 33.9L246.6 467.3c-9.4 9.4-24.6 9.4-33.9 0l-22.2-22.2c-9.5-9.5-9.3-25 .4-34.3L311.4 296H24c-13.3 0-24-10.7-24-24v-32c0-13.3 10.7-24 24-24h287.4L190.9 101.2c-9.8-9.3-10-24.8-.4-34.3z\"><\/path><\/svg>\t\t\t<\/span>\n\t\t\t\t\t\t\t\t\t<span class=\"motta-button__text\">Essai gratuit (30 jours)<\/span>\n\t\t\t\t\t\t<\/a>\n\t\t\t\t\t\t<\/div>\n\t\t\t\t<\/div>\n\t\t\t\t<div class=\"elementor-element elementor-element-f4702bb elementor-widget__width-auto elementor-widget elementor-widget-motta-button\" data-id=\"f4702bb\" data-element_type=\"widget\" data-widget_type=\"motta-button.default\">\n\t\t\t\t<div class=\"elementor-widget-container\">\n\t\t\t\t\t\t\t<a class=\"motta-button motta-button-primary  motta-button--ghost  motta-button--color-black  motta-button--large\" href=\"https:\/\/inroom.fr\/en\/decouverte\/\">\n\t\t\t\t\t\t\t\t<span class=\"motta-button__icon motta-svg-icon motta-align-icon-right\">\n\t\t\t\t<svg aria-hidden=\"true\" class=\"e-font-icon-svg e-fas-arrow-right\" viewbox=\"0 0 448 512\" xmlns=\"http:\/\/www.w3.org\/2000\/svg\"><path d=\"M190.5 66.9l22.2-22.2c9.4-9.4 24.6-9.4 33.9 0L441 239c9.4 9.4 9.4 24.6 0 33.9L246.6 467.3c-9.4 9.4-24.6 9.4-33.9 0l-22.2-22.2c-9.5-9.5-9.3-25 .4-34.3L311.4 296H24c-13.3 0-24-10.7-24-24v-32c0-13.3 10.7-24 24-24h287.4L190.9 101.2c-9.8-9.3-10-24.8-.4-34.3z\"><\/path><\/svg>\t\t\t<\/span>\n\t\t\t\t\t\t\t\t\t<span class=\"motta-button__text\">Demander une d\u00e9mo<\/span>\n\t\t\t\t\t\t<\/a>\n\t\t\t\t\t\t<\/div>\n\t\t\t\t<\/div>\n\t\t\t\t<\/div>\n\t\t\t\t\t<\/div>\n\t\t\t\t<\/div>\n\t\t<div class=\"elementor-element elementor-element-74fa701 e-flex e-con-boxed e-con e-parent\" data-id=\"74fa701\" data-element_type=\"container\" data-settings=\"{&quot;background_background&quot;:&quot;classic&quot;}\">\n\t\t\t\t\t<div class=\"e-con-inner\">\n\t\t<div class=\"elementor-element elementor-element-1c7de6dc e-con-full e-flex elementor-invisible e-con e-child\" data-id=\"1c7de6dc\" data-element_type=\"container\" data-settings=\"{&quot;animation&quot;:&quot;fadeInUp&quot;}\">\n\t\t\t\t<div class=\"elementor-element elementor-element-784ea4be elementor-view-default elementor-widget elementor-widget-icon\" data-id=\"784ea4be\" data-element_type=\"widget\" data-widget_type=\"icon.default\">\n\t\t\t\t<div class=\"elementor-widget-container\">\n\t\t\t\t\t\t\t<div class=\"elementor-icon-wrapper\">\n\t\t\t<div class=\"elementor-icon\">\n\t\t\t<svg aria-hidden=\"true\" class=\"e-font-icon-svg e-fas-info-circle\" viewbox=\"0 0 512 512\" xmlns=\"http:\/\/www.w3.org\/2000\/svg\"><path d=\"M256 8C119.043 8 8 119.083 8 256c0 136.997 111.043 248 248 248s248-111.003 248-248C504 119.083 392.957 8 256 8zm0 110c23.196 0 42 18.804 42 42s-18.804 42-42 42-42-18.804-42-42 18.804-42 42-42zm56 254c0 6.627-5.373 12-12 12h-88c-6.627 0-12-5.373-12-12v-24c0-6.627 5.373-12 12-12h12v-64h-12c-6.627 0-12-5.373-12-12v-24c0-6.627 5.373-12 12-12h64c6.627 0 12 5.373 12 12v100h12c6.627 0 12 5.373 12 12v24z\"><\/path><\/svg>\t\t\t<\/div>\n\t\t<\/div>\n\t\t\t\t\t\t<\/div>\n\t\t\t\t<\/div>\n\t\t\t\t<div class=\"elementor-element elementor-element-50d12a09 elementor-widget elementor-widget-motta-button\" data-id=\"50d12a09\" data-element_type=\"widget\" data-widget_type=\"motta-button.default\">\n\t\t\t\t<div class=\"elementor-widget-container\">\n\t\t\t\t\t\t\t<a class=\"motta-button motta-button-primary  motta-button--text  motta-button--color-black  motta-button--medium\">\n\t\t\t\t\t\t\t\t\t\t\t\t<span class=\"motta-button__text\">Informations pratiques<\/span>\n\t\t\t\t\t\t<\/a>\n\t\t\t\t\t\t<\/div>\n\t\t\t\t<\/div>\n\t\t\t\t<div class=\"elementor-element elementor-element-60e75612 elementor-widget elementor-widget-text-editor\" data-id=\"60e75612\" data-element_type=\"widget\" data-widget_type=\"text-editor.default\">\n\t\t\t\t<div class=\"elementor-widget-container\">\n\t\t\t\t\t\t\t\t\t<p>Codes (wifi, garage&#8230;), heure du check-in, acc\u00e8s nocturne&#8230;<\/p>\t\t\t\t\t\t\t\t<\/div>\n\t\t\t\t<\/div>\n\t\t\t\t<\/div>\n\t\t<div class=\"elementor-element elementor-element-4527fef7 e-con-full e-flex elementor-invisible e-con e-child\" data-id=\"4527fef7\" data-element_type=\"container\" data-settings=\"{&quot;animation&quot;:&quot;fadeInUp&quot;,&quot;animation_delay&quot;:300}\">\n\t\t\t\t<div class=\"elementor-element elementor-element-73232739 elementor-view-default elementor-widget elementor-widget-icon\" data-id=\"73232739\" data-element_type=\"widget\" data-widget_type=\"icon.default\">\n\t\t\t\t<div class=\"elementor-widget-container\">\n\t\t\t\t\t\t\t<div class=\"elementor-icon-wrapper\">\n\t\t\t<div class=\"elementor-icon\">\n\t\t\t<svg aria-hidden=\"true\" class=\"e-font-icon-svg e-far-map\" viewbox=\"0 0 576 512\" xmlns=\"http:\/\/www.w3.org\/2000\/svg\"><path d=\"M560.02 32c-1.96 0-3.98.37-5.96 1.16L384.01 96H384L212 35.28A64.252 64.252 0 0 0 191.76 32c-6.69 0-13.37 1.05-19.81 3.14L20.12 87.95A32.006 32.006 0 0 0 0 117.66v346.32C0 473.17 7.53 480 15.99 480c1.96 0 3.97-.37 5.96-1.16L192 416l172 60.71a63.98 63.98 0 0 0 40.05.15l151.83-52.81A31.996 31.996 0 0 0 576 394.34V48.02c0-9.19-7.53-16.02-15.98-16.02zM224 90.42l128 45.19v285.97l-128-45.19V90.42zM48 418.05V129.07l128-44.53v286.2l-.64.23L48 418.05zm480-35.13l-128 44.53V141.26l.64-.24L528 93.95v288.97z\"><\/path><\/svg>\t\t\t<\/div>\n\t\t<\/div>\n\t\t\t\t\t\t<\/div>\n\t\t\t\t<\/div>\n\t\t\t\t<div class=\"elementor-element elementor-element-a0d36d elementor-widget elementor-widget-motta-button\" data-id=\"a0d36d\" data-element_type=\"widget\" data-widget_type=\"motta-button.default\">\n\t\t\t\t<div class=\"elementor-widget-container\">\n\t\t\t\t\t\t\t<a class=\"motta-button motta-button-primary  motta-button--text  motta-button--color-black  motta-button--medium\">\n\t\t\t\t\t\t\t\t\t\t\t\t<span class=\"motta-button__text\">Prestations<\/span>\n\t\t\t\t\t\t<\/a>\n\t\t\t\t\t\t<\/div>\n\t\t\t\t<\/div>\n\t\t\t\t<div class=\"elementor-element elementor-element-7af9b453 elementor-widget elementor-widget-text-editor\" data-id=\"7af9b453\" data-element_type=\"widget\" data-widget_type=\"text-editor.default\">\n\t\t\t\t<div class=\"elementor-widget-container\">\n\t\t\t\t\t\t\t\t\t<p>Menus, cartes des services de l\u2019\u00e9tablissement&#8230;<\/p>\t\t\t\t\t\t\t\t<\/div>\n\t\t\t\t<\/div>\n\t\t\t\t<\/div>\n\t\t<div class=\"elementor-element elementor-element-22a77f e-con-full e-flex elementor-invisible e-con e-child\" data-id=\"22a77f\" data-element_type=\"container\" data-settings=\"{&quot;animation&quot;:&quot;fadeInUp&quot;,&quot;animation_delay&quot;:600}\">\n\t\t\t\t<div class=\"elementor-element elementor-element-57b9bb7c elementor-view-default elementor-widget elementor-widget-icon\" data-id=\"57b9bb7c\" data-element_type=\"widget\" data-widget_type=\"icon.default\">\n\t\t\t\t<div class=\"elementor-widget-container\">\n\t\t\t\t\t\t\t<div class=\"elementor-icon-wrapper\">\n\t\t\t<div class=\"elementor-icon\">\n\t\t\t<svg aria-hidden=\"true\" class=\"e-font-icon-svg e-far-lightbulb\" viewbox=\"0 0 352 512\" xmlns=\"http:\/\/www.w3.org\/2000\/svg\"><path d=\"M176 80c-52.94 0-96 43.06-96 96 0 8.84 7.16 16 16 16s16-7.16 16-16c0-35.3 28.72-64 64-64 8.84 0 16-7.16 16-16s-7.16-16-16-16zM96.06 459.17c0 3.15.93 6.22 2.68 8.84l24.51 36.84c2.97 4.46 7.97 7.14 13.32 7.14h78.85c5.36 0 10.36-2.68 13.32-7.14l24.51-36.84c1.74-2.62 2.67-5.7 2.68-8.84l.05-43.18H96.02l.04 43.18zM176 0C73.72 0 0 82.97 0 176c0 44.37 16.45 84.85 43.56 115.78 16.64 18.99 42.74 58.8 52.42 92.16v.06h48v-.12c-.01-4.77-.72-9.51-2.15-14.07-5.59-17.81-22.82-64.77-62.17-109.67-20.54-23.43-31.52-53.15-31.61-84.14-.2-73.64 59.67-128 127.95-128 70.58 0 128 57.42 128 128 0 30.97-11.24 60.85-31.65 84.14-39.11 44.61-56.42 91.47-62.1 109.46a47.507 47.507 0 0 0-2.22 14.3v.1h48v-.05c9.68-33.37 35.78-73.18 52.42-92.16C335.55 260.85 352 220.37 352 176 352 78.8 273.2 0 176 0z\"><\/path><\/svg>\t\t\t<\/div>\n\t\t<\/div>\n\t\t\t\t\t\t<\/div>\n\t\t\t\t<\/div>\n\t\t\t\t<div class=\"elementor-element elementor-element-11ad87e0 elementor-widget elementor-widget-motta-button\" data-id=\"11ad87e0\" data-element_type=\"widget\" data-widget_type=\"motta-button.default\">\n\t\t\t\t<div class=\"elementor-widget-container\">\n\t\t\t\t\t\t\t<a class=\"motta-button motta-button-primary  motta-button--text  motta-button--color-black  motta-button--medium\">\n\t\t\t\t\t\t\t\t\t\t\t\t<span class=\"motta-button__text\">Recommandations locales<\/span>\n\t\t\t\t\t\t<\/a>\n\t\t\t\t\t\t<\/div>\n\t\t\t\t<\/div>\n\t\t\t\t<div class=\"elementor-element elementor-element-5079beeb elementor-widget elementor-widget-text-editor\" data-id=\"5079beeb\" data-element_type=\"widget\" data-widget_type=\"text-editor.default\">\n\t\t\t\t<div class=\"elementor-widget-container\">\n\t\t\t\t\t\t\t\t\t<p>Conseils sur des activit\u00e9s, restaurants, \u00e9v\u00e8nements&#8230;<strong><br \/>\u00a0<\/strong><\/p>\t\t\t\t\t\t\t\t<\/div>\n\t\t\t\t<\/div>\n\t\t\t\t<\/div>\n\t\t<div class=\"elementor-element elementor-element-3320731e e-con-full e-flex elementor-invisible e-con e-child\" data-id=\"3320731e\" data-element_type=\"container\" data-settings=\"{&quot;animation&quot;:&quot;fadeInUp&quot;,&quot;animation_delay&quot;:900}\">\n\t\t\t\t<div class=\"elementor-element elementor-element-569b1002 elementor-view-default elementor-widget elementor-widget-icon\" data-id=\"569b1002\" data-element_type=\"widget\" data-widget_type=\"icon.default\">\n\t\t\t\t<div class=\"elementor-widget-container\">\n\t\t\t\t\t\t\t<div class=\"elementor-icon-wrapper\">\n\t\t\t<div class=\"elementor-icon\">\n\t\t\t<svg aria-hidden=\"true\" class=\"e-font-icon-svg e-far-object-ungroup\" viewbox=\"0 0 576 512\" xmlns=\"http:\/\/www.w3.org\/2000\/svg\"><path d=\"M564 224c6.627 0 12-5.373 12-12v-72c0-6.627-5.373-12-12-12h-72c-6.627 0-12 5.373-12 12v12h-88v-24h12c6.627 0 12-5.373 12-12V44c0-6.627-5.373-12-12-12h-72c-6.627 0-12 5.373-12 12v12H96V44c0-6.627-5.373-12-12-12H12C5.373 32 0 37.373 0 44v72c0 6.627 5.373 12 12 12h12v160H12c-6.627 0-12 5.373-12 12v72c0 6.627 5.373 12 12 12h72c6.627 0 12-5.373 12-12v-12h88v24h-12c-6.627 0-12 5.373-12 12v72c0 6.627 5.373 12 12 12h72c6.627 0 12-5.373 12-12v-12h224v12c0 6.627 5.373 12 12 12h72c6.627 0 12-5.373 12-12v-72c0-6.627-5.373-12-12-12h-12V224h12zM352 64h32v32h-32V64zm0 256h32v32h-32v-32zM64 352H32v-32h32v32zm0-256H32V64h32v32zm32 216v-12c0-6.627-5.373-12-12-12H72V128h12c6.627 0 12-5.373 12-12v-12h224v12c0 6.627 5.373 12 12 12h12v160h-12c-6.627 0-12 5.373-12 12v12H96zm128 136h-32v-32h32v32zm280-64h-12c-6.627 0-12 5.373-12 12v12H256v-12c0-6.627-5.373-12-12-12h-12v-24h88v12c0 6.627 5.373 12 12 12h72c6.627 0 12-5.373 12-12v-72c0-6.627-5.373-12-12-12h-12v-88h88v12c0 6.627 5.373 12 12 12h12v160zm40 64h-32v-32h32v32zm0-256h-32v-32h32v32z\"><\/path><\/svg>\t\t\t<\/div>\n\t\t<\/div>\n\t\t\t\t\t\t<\/div>\n\t\t\t\t<\/div>\n\t\t\t\t<div class=\"elementor-element elementor-element-63a6b903 elementor-widget elementor-widget-motta-button\" data-id=\"63a6b903\" data-element_type=\"widget\" data-widget_type=\"motta-button.default\">\n\t\t\t\t<div class=\"elementor-widget-container\">\n\t\t\t\t\t\t\t<a class=\"motta-button motta-button-primary  motta-button--text  motta-button--color-black  motta-button--medium\">\n\t\t\t\t\t\t\t\t\t\t\t\t<span class=\"motta-button__text\">Modules sur mesure<\/span>\n\t\t\t\t\t\t<\/a>\n\t\t\t\t\t\t<\/div>\n\t\t\t\t<\/div>\n\t\t\t\t<div class=\"elementor-element elementor-element-7607486d elementor-widget elementor-widget-text-editor\" data-id=\"7607486d\" data-element_type=\"widget\" data-widget_type=\"text-editor.default\">\n\t\t\t\t<div class=\"elementor-widget-container\">\n\t\t\t\t\t\t\t\t\t<p>Cr\u00e9ation de contenus personnalis\u00e9s en fonction des besoins<\/p>\t\t\t\t\t\t\t\t<\/div>\n\t\t\t\t<\/div>\n\t\t\t\t<\/div>\n\t\t<div class=\"elementor-element elementor-element-b09f6c3 e-con-full e-flex e-con e-child\" data-id=\"b09f6c3\" data-element_type=\"container\">\n\t\t\t\t<div class=\"elementor-element elementor-element-0a8a5f6 elementor-align-center elementor-widget elementor-widget-button\" data-id=\"0a8a5f6\" data-element_type=\"widget\" data-widget_type=\"button.default\">\n\t\t\t\t<div class=\"elementor-widget-container\">\n\t\t\t\t\t\t\t\t\t<div class=\"elementor-button-wrapper\">\n\t\t\t\t\t<a class=\"elementor-button elementor-button-link elementor-size-sm\" href=\"https:\/\/inroom.fr\/en\/decouverte\/\">\n\t\t\t\t\t\t<span class=\"elementor-button-content-wrapper\">\n\t\t\t\t\t\t<span class=\"elementor-button-icon\">\n\t\t\t\t<svg aria-hidden=\"true\" class=\"e-font-icon-svg e-fas-arrow-right\" viewbox=\"0 0 448 512\" xmlns=\"http:\/\/www.w3.org\/2000\/svg\"><path d=\"M190.5 66.9l22.2-22.2c9.4-9.4 24.6-9.4 33.9 0L441 239c9.4 9.4 9.4 24.6 0 33.9L246.6 467.3c-9.4 9.4-24.6 9.4-33.9 0l-22.2-22.2c-9.5-9.5-9.3-25 .4-34.3L311.4 296H24c-13.3 0-24-10.7-24-24v-32c0-13.3 10.7-24 24-24h287.4L190.9 101.2c-9.8-9.3-10-24.8-.4-34.3z\"><\/path><\/svg>\t\t\t<\/span>\n\t\t\t\t\t\t\t\t\t<span class=\"elementor-button-text\">Voir un exemple<\/span>\n\t\t\t\t\t<\/span>\n\t\t\t\t\t<\/a>\n\t\t\t\t<\/div>\n\t\t\t\t\t\t\t\t<\/div>\n\t\t\t\t<\/div>\n\t\t\t\t<\/div>\n\t\t\t\t\t<\/div>\n\t\t\t\t<\/div>\n\t\t\t\t<\/div>","protected":false},"excerpt":{"rendered":"<p>Fonctionnalit\u00e9s &gt; Cl\u00e9 en main Cl\u00e9 en main Utilisez des modules pr\u00e9configur\u00e9s ou sur mesure en fonction de vos besoins Essai gratuit (30 jours) Demander une d\u00e9mo Informations pratiques Codes (wifi, garage&#8230;), heure du check-in, acc\u00e8s nocturne&#8230; Prestations Menus, cartes des services de l\u2019\u00e9tablissement&#8230; Recommandations locales Conseils sur des activit\u00e9s, restaurants, \u00e9v\u00e8nements&#8230;\u00a0 Modules sur mesure [&hellip;]<\/p>","protected":false},"author":1,"featured_media":0,"parent":0,"menu_order":0,"comment_status":"closed","ping_status":"closed","template":"","meta":{"footnotes":""},"class_list":["post-2353","page","type-page","status-publish","hentry"],"_links":{"self":[{"href":"https:\/\/inroom.fr\/en\/wp-json\/wp\/v2\/pages\/2353","targetHints":{"allow":["GET"]}}],"collection":[{"href":"https:\/\/inroom.fr\/en\/wp-json\/wp\/v2\/pages"}],"about":[{"href":"https:\/\/inroom.fr\/en\/wp-json\/wp\/v2\/types\/page"}],"author":[{"embeddable":true,"href":"https:\/\/inroom.fr\/en\/wp-json\/wp\/v2\/users\/1"}],"replies":[{"embeddable":true,"href":"https:\/\/inroom.fr\/en\/wp-json\/wp\/v2\/comments?post=2353"}],"version-history":[{"count":19,"href":"https:\/\/inroom.fr\/en\/wp-json\/wp\/v2\/pages\/2353\/revisions"}],"predecessor-version":[{"id":3121,"href":"https:\/\/inroom.fr\/en\/wp-json\/wp\/v2\/pages\/2353\/revisions\/3121"}],"wp:attachment":[{"href":"https:\/\/inroom.fr\/en\/wp-json\/wp\/v2\/media?parent=2353"}],"curies":[{"name":"wp","href":"https:\/\/api.w.org\/{rel}","templated":true}]}}