{"id":2349,"date":"2025-02-14T10:51:43","date_gmt":"2025-02-14T10:51:43","guid":{"rendered":"https:\/\/inroom.fr\/?page_id=2349"},"modified":"2025-04-16T15:45:12","modified_gmt":"2025-04-16T15:45:12","slug":"multilingue","status":"publish","type":"page","link":"https:\/\/inroom.fr\/en\/fonctionnalites\/multilingue\/","title":{"rendered":"Multilingue"},"content":{"rendered":"<div data-elementor-type=\"wp-page\" data-elementor-id=\"2349\" class=\"elementor elementor-2349\" data-elementor-post-type=\"page\">\n\t\t\t\t<div class=\"elementor-element elementor-element-04bb132 e-transform e-flex e-con-boxed e-con e-parent\" data-id=\"04bb132\" data-element_type=\"container\" data-settings=\"{&quot;animation&quot;:&quot;none&quot;,&quot;background_background&quot;:&quot;classic&quot;,&quot;_transform_translateX_effect&quot;:{&quot;unit&quot;:&quot;px&quot;,&quot;size&quot;:&quot;&quot;,&quot;sizes&quot;:[]},&quot;_transform_translateX_effect_tablet&quot;:{&quot;unit&quot;:&quot;px&quot;,&quot;size&quot;:&quot;&quot;,&quot;sizes&quot;:[]},&quot;_transform_translateX_effect_mobile&quot;:{&quot;unit&quot;:&quot;px&quot;,&quot;size&quot;:&quot;&quot;,&quot;sizes&quot;:[]},&quot;_transform_translateY_effect&quot;:{&quot;unit&quot;:&quot;px&quot;,&quot;size&quot;:&quot;&quot;,&quot;sizes&quot;:[]},&quot;_transform_translateY_effect_tablet&quot;:{&quot;unit&quot;:&quot;px&quot;,&quot;size&quot;:&quot;&quot;,&quot;sizes&quot;:[]},&quot;_transform_translateY_effect_mobile&quot;:{&quot;unit&quot;:&quot;px&quot;,&quot;size&quot;:&quot;&quot;,&quot;sizes&quot;:[]}}\">\n\t\t\t\t\t<div class=\"e-con-inner\">\n\t\t<div class=\"elementor-element elementor-element-66340d0 e-con-full e-flex e-con e-child\" data-id=\"66340d0\" data-element_type=\"container\">\n\t\t\t\t<div class=\"elementor-element elementor-element-0713f1a elementor-view-default elementor-widget elementor-widget-icon\" data-id=\"0713f1a\" data-element_type=\"widget\" data-widget_type=\"icon.default\">\n\t\t\t\t<div class=\"elementor-widget-container\">\n\t\t\t\t\t\t\t<div class=\"elementor-icon-wrapper\">\n\t\t\t<a class=\"elementor-icon\" href=\"https:\/\/inroom.fr\/en\">\n\t\t\t<svg xmlns=\"http:\/\/www.w3.org\/2000\/svg\" width=\"16.059\" height=\"14.051\" viewbox=\"0 0 16.059 14.051\"><path id=\"Icon_open-home\" data-name=\"Icon open-home\" d=\"M8.029,0,0,6.022H2.007v8.029H6.022V10.037h4.015v4.015h4.015V5.962l2.007.06Z\"><\/path><\/svg>\t\t\t<\/a>\n\t\t<\/div>\n\t\t\t\t\t\t<\/div>\n\t\t\t\t<\/div>\n\t\t\t\t<div class=\"elementor-element elementor-element-c1a1934 elementor-widget elementor-widget-text-editor\" data-id=\"c1a1934\" data-element_type=\"widget\" data-widget_type=\"text-editor.default\">\n\t\t\t\t<div class=\"elementor-widget-container\">\n\t\t\t\t\t\t\t\t\t<p><a href=\"\/en\/fonctionnalites\/\">Fonctionnalit\u00e9s<\/a> &gt; <strong>Multilingue<\/strong><\/p>\t\t\t\t\t\t\t\t<\/div>\n\t\t\t\t<\/div>\n\t\t\t\t<\/div>\n\t\t\t\t<div class=\"elementor-element elementor-element-5b0906f elementor-view-default elementor-widget elementor-widget-icon\" data-id=\"5b0906f\" data-element_type=\"widget\" data-widget_type=\"icon.default\">\n\t\t\t\t<div class=\"elementor-widget-container\">\n\t\t\t\t\t\t\t<div class=\"elementor-icon-wrapper\">\n\t\t\t<div class=\"elementor-icon\">\n\t\t\t<svg xmlns=\"http:\/\/www.w3.org\/2000\/svg\" id=\"Calque_1\" viewbox=\"0 0 250 250\"><defs><style>      .st0 {        fill: #733bff;      }    <\/style><\/defs><path class=\"st0\" d=\"M128.34,99.76l8.81-8.81c-2.94.18-5.88.29-8.81.34v8.47Z\"><\/path><path class=\"st0\" d=\"M96.56,112.74h18.8l6.87-6.87v-14.59c-7.31-.12-14.61-.65-21.86-1.59-2.26,7.48-3.54,15.23-3.81,23.04Z\"><\/path><path class=\"st0\" d=\"M97.7,130.4l11.53-11.54h-12.66c.13,3.87.51,7.72,1.13,11.54Z\"><\/path><path class=\"st0\" d=\"M128.34,54.66v30.51c5.17-.09,10.36-.4,15.49-.91l3.26-3.26c-4.04-9.66-9.73-18.53-16.83-26.22-.64-.05-1.27-.1-1.91-.13Z\"><\/path><path class=\"st0\" d=\"M64.15,118.86c.61,12,4.72,23.56,11.84,33.24l16.46-16.46c-1.16-5.52-1.83-11.14-2.01-16.78h-26.3Z\"><\/path><path class=\"st0\" d=\"M122.22,85.16v-30.5c-.64.03-1.28.08-1.91.13h0c-7.79,8.42-13.88,18.26-17.94,29,6.59.81,13.21,1.27,19.85,1.38Z\"><\/path><path class=\"st0\" d=\"M64.15,112.74h26.29c.25-8.1,1.53-16.14,3.8-23.93-7.19-1.17-14.32-2.74-21.33-4.71-5.26,8.67-8.27,18.51-8.75,28.64Z\"><\/path><path class=\"st0\" d=\"M76.55,78.75c6.46,1.73,13.01,3.12,19.61,4.16,3.48-9.62,8.5-18.62,14.85-26.65-13.75,3.27-25.93,11.22-34.46,22.49Z\"><\/path><path class=\"st0\" d=\"M151.75,76.35l9.85-9.84c-6.58-4.87-14.08-8.35-22.04-10.25,4.88,6.17,8.97,12.92,12.19,20.09Z\"><\/path><path class=\"st0\" d=\"M176.47,82.21c-.6-.92-1.24-1.83-1.89-2.72l-85.6,85.6c8.83,6.53,19.26,10.54,30.19,11.62,4.07.4,8.17.4,12.23,0,.84-.08,1.71-.19,2.63-.32.14-.02.29-.03.44-.03,1.69,0,3.06,1.37,3.06,3.06v11.19l22.36-24.23c.15-.16.31-.3.49-.43h0c27.12-18.97,34.25-56.07,16.09-83.75ZM125,152.1c-3.5,0-6.34-2.84-6.34-6.34s2.84-6.34,6.34-6.34,6.34,2.84,6.34,6.34-2.84,6.34-6.34,6.34ZM143.13,152.1c-3.5,0-6.34-2.84-6.34-6.34s2.84-6.34,6.34-6.34,6.34,2.84,6.34,6.34-2.84,6.34-6.34,6.34ZM161.26,152.1c-3.5,0-6.34-2.84-6.34-6.34s2.84-6.34,6.34-6.34,6.34,2.84,6.34,6.34-2.84,6.34-6.34,6.34Z\"><\/path><path class=\"st0\" d=\"M205.01,6.78H44.99C24,6.78,6.99,23.79,6.99,44.78v160.44c0,20.99,17.01,38,38,38h160.02c20.99,0,38-17.01,38-38V44.78c0-20.99-17.01-38-38-38ZM60.59,160.57l-1.15,9.18s0,.05,0,.07c-.25,1.67-1.8,2.83-3.48,2.58l-10.33-1.53s-.07,0-.11-.02c-1.67-.28-2.8-1.85-2.52-3.52.28-1.67,1.85-2.8,3.52-2.52l2.59.38c-24.12-34.21-20-80.83,9.73-110.28,1.2-1.19,3.14-1.18,4.33.02s1.18,3.14-.02,4.33c-27.68,27.41-31.44,70.84-8.89,102.6l.26-2.07s0,0,0,0c.21-1.68,1.74-2.87,3.42-2.66,0,0,0,0,0,0,1.68.21,2.86,1.75,2.65,3.42ZM75.71,159.78h-.15c-.86-.04-1.66-.44-2.21-1.11-18.79-22.77-20.56-55.13-4.37-79.82l.02-.03c11.12-17,29.34-28.04,49.55-30.02,2.2-.22,4.44-.33,6.67-.33h.1c2.24,0,4.47.11,6.67.33,13.28,1.31,25.87,6.56,36.14,15.07.66.55,1.07,1.35,1.11,2.22.04.86-.28,1.7-.89,2.31l-90.49,90.49c-.57.57-1.35.9-2.16.9ZM164.16,170.8l-27.45,29.73c-.58.63-1.4.99-2.25.99-1.69,0-3.06-1.37-3.06-3.06v-15.58c-4.27.38-8.58.36-12.85-.06-13.28-1.31-25.87-6.56-36.14-15.07-.08-.06-.15-.13-.22-.2-1.19-1.2-1.19-3.14.01-4.33l90.49-90.49c.07-.07.15-.14.22-.2,1.31-1.07,3.23-.89,4.31.42,1.56,1.89,3.02,3.87,4.37,5.92h0c19.9,30.35,12.2,70.99-17.42,91.94ZM191.74,176.12s-.02.02-.04.04c-1.2,1.19-3.14,1.18-4.33-.02-1.19-1.2-1.18-3.14.02-4.33,27.49-27.76,30.77-71.37,7.74-102.92v1c0,1.69-1.37,3.06-3.06,3.06s-3.06-1.37-3.06-3.06v-9.18c0-1.69,1.37-3.06,3.06-3.06h9.18c1.69,0,3.06,1.37,3.06,3.06s-1.37,3.06-3.06,3.06h-2.3c25.98,34,22.9,81.95-7.21,112.35Z\"><\/path><\/svg>\t\t\t<\/div>\n\t\t<\/div>\n\t\t\t\t\t\t<\/div>\n\t\t\t\t<\/div>\n\t\t<div class=\"elementor-element elementor-element-e23adcd e-flex e-con-boxed e-con e-child\" data-id=\"e23adcd\" data-element_type=\"container\">\n\t\t\t\t\t<div class=\"e-con-inner\">\n\t\t\t\t<div class=\"elementor-element elementor-element-385f583 elementor-widget elementor-widget-motta-heading\" data-id=\"385f583\" data-element_type=\"widget\" data-widget_type=\"motta-heading.default\">\n\t\t\t\t<div class=\"elementor-widget-container\">\n\t\t\t\t\t\t\t<div class=\"motta-heading-elementor motta-heading__button-on\">\r\n\t\t\t\t<h2 class=\"motta-heading motta-heading--default\">\r\n\t\t\t\t\tMultilingue\t\t\t\t<\/h2>\r\n\t\t\t\t\t\t\t<\/div>\r\n\t\t\t\t\t\t<\/div>\n\t\t\t\t<\/div>\n\t\t\t\t<div class=\"elementor-element elementor-element-ab7f38e elementor-view-default elementor-widget elementor-widget-icon\" data-id=\"ab7f38e\" data-element_type=\"widget\" data-widget_type=\"icon.default\">\n\t\t\t\t<div class=\"elementor-widget-container\">\n\t\t\t\t\t\t\t<div class=\"elementor-icon-wrapper\">\n\t\t\t<div class=\"elementor-icon\">\n\t\t\t<svg xmlns=\"http:\/\/www.w3.org\/2000\/svg\" width=\"45\" height=\"45\" viewbox=\"0 0 45 45\"><path id=\"Path_103\" data-name=\"Path 103\" d=\"M629,21.3V0H619.6V13.484a4.313,4.313,0,0,1-4.313,4.313H601.8V27.2h12.16A6.284,6.284,0,0,0,619.6,23.7V45H629V31.516a4.313,4.313,0,0,1,4.313-4.313H646.8V17.8H634.9A6.709,6.709,0,0,0,629,21.3\" transform=\"translate(-601.8)\" fill=\"#733bff\"><\/path><\/svg>\t\t\t<\/div>\n\t\t<\/div>\n\t\t\t\t\t\t<\/div>\n\t\t\t\t<\/div>\n\t\t\t\t\t<\/div>\n\t\t\t\t<\/div>\n\t\t\t\t<div class=\"elementor-element elementor-element-b36ceb1 elementor-widget elementor-widget-text-editor\" data-id=\"b36ceb1\" data-element_type=\"widget\" data-widget_type=\"text-editor.default\">\n\t\t\t\t<div class=\"elementor-widget-container\">\n\t\t\t\t\t\t\t\t\t<p>Communiquez avec vos clients internationaux dans 3 langues (<em>assist\u00e9 par IA<\/em>)<\/p>\t\t\t\t\t\t\t\t<\/div>\n\t\t\t\t<\/div>\n\t\t<div class=\"elementor-element elementor-element-2a6dbd4 e-con-full e-flex e-con e-child\" data-id=\"2a6dbd4\" data-element_type=\"container\">\n\t\t\t\t<div class=\"elementor-element elementor-element-04842d3 elementor-widget__width-auto elementor-widget elementor-widget-motta-button\" data-id=\"04842d3\" data-element_type=\"widget\" data-widget_type=\"motta-button.default\">\n\t\t\t\t<div class=\"elementor-widget-container\">\n\t\t\t\t\t\t\t<a class=\"motta-button motta-button-primary  motta-button--base  motta-button--large\" href=\"http:\/\/inroom.fr\/en\/tarifs\/\">\n\t\t\t\t\t\t\t\t<span class=\"motta-button__icon motta-svg-icon motta-align-icon-right\">\n\t\t\t\t<svg aria-hidden=\"true\" class=\"e-font-icon-svg e-fas-arrow-right\" viewbox=\"0 0 448 512\" xmlns=\"http:\/\/www.w3.org\/2000\/svg\"><path d=\"M190.5 66.9l22.2-22.2c9.4-9.4 24.6-9.4 33.9 0L441 239c9.4 9.4 9.4 24.6 0 33.9L246.6 467.3c-9.4 9.4-24.6 9.4-33.9 0l-22.2-22.2c-9.5-9.5-9.3-25 .4-34.3L311.4 296H24c-13.3 0-24-10.7-24-24v-32c0-13.3 10.7-24 24-24h287.4L190.9 101.2c-9.8-9.3-10-24.8-.4-34.3z\"><\/path><\/svg>\t\t\t<\/span>\n\t\t\t\t\t\t\t\t\t<span class=\"motta-button__text\">Essai gratuit (30 jours)<\/span>\n\t\t\t\t\t\t<\/a>\n\t\t\t\t\t\t<\/div>\n\t\t\t\t<\/div>\n\t\t\t\t<div class=\"elementor-element elementor-element-f4702bb elementor-widget__width-auto elementor-widget elementor-widget-motta-button\" data-id=\"f4702bb\" data-element_type=\"widget\" data-widget_type=\"motta-button.default\">\n\t\t\t\t<div class=\"elementor-widget-container\">\n\t\t\t\t\t\t\t<a class=\"motta-button motta-button-primary  motta-button--ghost  motta-button--color-black  motta-button--large\" href=\"https:\/\/inroom.fr\/en\/decouverte\/\">\n\t\t\t\t\t\t\t\t<span class=\"motta-button__icon motta-svg-icon motta-align-icon-right\">\n\t\t\t\t<svg aria-hidden=\"true\" class=\"e-font-icon-svg e-fas-arrow-right\" viewbox=\"0 0 448 512\" xmlns=\"http:\/\/www.w3.org\/2000\/svg\"><path d=\"M190.5 66.9l22.2-22.2c9.4-9.4 24.6-9.4 33.9 0L441 239c9.4 9.4 9.4 24.6 0 33.9L246.6 467.3c-9.4 9.4-24.6 9.4-33.9 0l-22.2-22.2c-9.5-9.5-9.3-25 .4-34.3L311.4 296H24c-13.3 0-24-10.7-24-24v-32c0-13.3 10.7-24 24-24h287.4L190.9 101.2c-9.8-9.3-10-24.8-.4-34.3z\"><\/path><\/svg>\t\t\t<\/span>\n\t\t\t\t\t\t\t\t\t<span class=\"motta-button__text\">Demander une d\u00e9mo<\/span>\n\t\t\t\t\t\t<\/a>\n\t\t\t\t\t\t<\/div>\n\t\t\t\t<\/div>\n\t\t\t\t<\/div>\n\t\t\t\t\t<\/div>\n\t\t\t\t<\/div>\n\t\t<div class=\"elementor-element elementor-element-025a837 e-transform e-flex e-con-boxed e-con e-parent\" data-id=\"025a837\" data-element_type=\"container\" data-settings=\"{&quot;background_background&quot;:&quot;classic&quot;,&quot;_transform_translateY_effect&quot;:{&quot;unit&quot;:&quot;px&quot;,&quot;size&quot;:-60,&quot;sizes&quot;:[]},&quot;_transform_translateX_effect&quot;:{&quot;unit&quot;:&quot;px&quot;,&quot;size&quot;:&quot;&quot;,&quot;sizes&quot;:[]},&quot;_transform_translateX_effect_tablet&quot;:{&quot;unit&quot;:&quot;px&quot;,&quot;size&quot;:&quot;&quot;,&quot;sizes&quot;:[]},&quot;_transform_translateX_effect_mobile&quot;:{&quot;unit&quot;:&quot;px&quot;,&quot;size&quot;:&quot;&quot;,&quot;sizes&quot;:[]},&quot;_transform_translateY_effect_tablet&quot;:{&quot;unit&quot;:&quot;px&quot;,&quot;size&quot;:&quot;&quot;,&quot;sizes&quot;:[]},&quot;_transform_translateY_effect_mobile&quot;:{&quot;unit&quot;:&quot;px&quot;,&quot;size&quot;:&quot;&quot;,&quot;sizes&quot;:[]}}\">\n\t\t\t\t\t<div class=\"e-con-inner\">\n\t\t<div class=\"elementor-element elementor-element-65fc420 e-con-full e-flex e-con e-child\" data-id=\"65fc420\" data-element_type=\"container\">\n\t\t\t\t<div class=\"elementor-element elementor-element-6a37212 elementor-view-default elementor-widget elementor-widget-icon\" data-id=\"6a37212\" data-element_type=\"widget\" data-widget_type=\"icon.default\">\n\t\t\t\t<div class=\"elementor-widget-container\">\n\t\t\t\t\t\t\t<div class=\"elementor-icon-wrapper\">\n\t\t\t<div class=\"elementor-icon\">\n\t\t\t<svg xmlns=\"http:\/\/www.w3.org\/2000\/svg\" id=\"Calque_1\" viewbox=\"0 0 250 250\"><defs><style>      .st0 {        fill: #733bff;      }    <\/style><\/defs><g id=\"outline\"><path id=\"Trac&#xE9;_111\" class=\"st0\" d=\"M174.63,59.54c-.05-.96-.49-1.85-1.23-2.46-11.42-9.46-25.4-15.29-40.16-16.75-2.45-.24-4.93-.36-7.42-.37h-.11c-2.49,0-4.97.12-7.41.37-22.46,2.21-42.71,14.47-55.06,33.36l-.03.04h0c-17.99,27.43-16.03,63.38,4.85,88.69.61.74,1.5,1.19,2.46,1.23h.16c.9,0,1.77-.36,2.4-1l100.55-100.55c.68-.68,1.03-1.61.99-2.56ZM114.74,111.38h-20.89c.29-8.68,1.71-17.29,4.23-25.6,8.06,1.04,16.17,1.63,24.29,1.76v16.21l-7.63,7.63ZM57.85,111.38c.54-11.25,3.88-22.19,9.73-31.82,7.8,2.19,15.71,3.94,23.71,5.24-2.52,8.65-3.94,17.58-4.22,26.59h-29.21ZM120.24,46.99c.7-.06,1.41-.11,2.12-.14v33.89c-7.37-.12-14.73-.63-22.05-1.53,4.51-11.92,11.28-22.87,19.93-32.23h0ZM107.94,118.18l-12.81,12.82c-.69-4.24-1.11-8.52-1.26-12.82h14.07ZM129.17,87.54c3.26-.05,6.52-.18,9.79-.38l-9.79,9.79v-9.41ZM146.38,79.74c-5.69.57-11.46.9-17.21,1.01v-33.9c.71.03,1.41.08,2.12.14,7.89,8.54,14.22,18.4,18.7,29.13l-3.62,3.62ZM109.92,48.62c-7.06,8.92-12.63,18.92-16.5,29.61-7.34-1.15-14.62-2.69-21.79-4.62,9.48-12.52,23.01-21.36,38.29-24.99ZM71,155.12c-7.91-10.76-12.49-23.6-13.16-36.94h29.22c.2,6.27.95,12.51,2.24,18.65l-18.29,18.29ZM155.18,70.95c-3.58-7.97-8.13-15.47-13.55-22.33,8.85,2.11,17.18,5.98,24.49,11.39l-10.94,10.93Z\"><\/path><path id=\"Trac&#xE9;_112\" class=\"st0\" d=\"M188.33,73.73c-1.5-2.28-3.12-4.47-4.85-6.57-1.19-1.45-3.34-1.66-4.79-.47-.09.07-.17.15-.25.23l-100.55,100.55c-1.33,1.32-1.34,3.48-.01,4.81.08.08.16.16.25.23,11.42,9.46,25.4,15.29,40.16,16.75,4.75.47,9.53.49,14.27.06v17.31c0,1.88,1.52,3.4,3.4,3.4.95,0,1.86-.4,2.5-1.1l30.5-33.03c32.91-23.28,41.47-68.44,19.36-102.14h0ZM164.76,170.51c-.2.14-.38.3-.55.48l-24.84,26.92v-12.43c0-1.88-1.52-3.4-3.4-3.4-.16,0-.32.01-.48.03-1.03.15-1.99.26-2.92.36-4.52.45-9.07.45-13.59,0-12.14-1.19-23.73-5.66-33.54-12.91l95.11-95.11c.73.99,1.43,2,2.1,3.02,20.17,30.75,12.25,71.97-17.88,93.06h0Z\"><\/path><circle id=\"Ellipse_21\" class=\"st0\" cx=\"125.46\" cy=\"148.06\" r=\"7.05\"><\/circle><circle id=\"Ellipse_22\" class=\"st0\" cx=\"145.6\" cy=\"148.06\" r=\"7.05\"><\/circle><circle id=\"Ellipse_23\" class=\"st0\" cx=\"165.75\" cy=\"148.06\" r=\"7.05\"><\/circle><path id=\"Trac&#xE9;_113\" class=\"st0\" d=\"M50.94,160.72c-1.86-.23-3.56,1.09-3.8,2.95h0s-.29,2.3-.29,2.3c-25.05-35.3-20.87-83.54,9.88-114,1.33-1.32,1.35-3.48.02-4.81-1.32-1.33-3.48-1.35-4.81-.02-33.04,32.73-37.61,84.53-10.81,122.53l-2.87-.42c-1.85-.31-3.61.94-3.91,2.8-.31,1.85.94,3.61,2.8,3.91.04,0,.08.01.12.02l11.48,1.7c1.86.28,3.59-1.01,3.86-2.86,0-.03,0-.05.01-.08l1.27-10.2c.24-1.86-1.08-3.57-2.94-3.8,0,0,0,0-.01,0Z\"><\/path><path id=\"Trac&#xE9;_114\" class=\"st0\" d=\"M210.17,56.96c1.88,0,3.4-1.52,3.4-3.4s-1.52-3.4-3.4-3.4h-10.2c-1.88,0-3.4,1.52-3.4,3.4v10.2c0,1.88,1.52,3.4,3.4,3.4s3.4-1.52,3.4-3.4v-1.11c25.6,35.06,21.95,83.52-8.59,114.36-1.33,1.32-1.34,3.48-.02,4.81,1.32,1.33,3.48,1.34,4.81.02.01-.01.03-.03.04-.04,33.45-33.78,36.87-87.05,8.01-124.83h2.55Z\"><\/path><\/g><\/svg>\t\t\t<\/div>\n\t\t<\/div>\n\t\t\t\t\t\t<\/div>\n\t\t\t\t<\/div>\n\t\t\t\t<div class=\"elementor-element elementor-element-9e5da35 elementor-widget elementor-widget-motta-heading\" data-id=\"9e5da35\" data-element_type=\"widget\" data-widget_type=\"motta-heading.default\">\n\t\t\t\t<div class=\"elementor-widget-container\">\n\t\t\t\t\t\t\t<div class=\"motta-heading-elementor motta-heading__button-on\">\r\n\t\t\t\t<h2 class=\"motta-heading motta-heading--default\">\r\n\t\t\t\t\tTraduction du livret d'accueil\t\t\t\t<\/h2>\r\n\t\t\t\t\t\t\t<\/div>\r\n\t\t\t\t\t\t<\/div>\n\t\t\t\t<\/div>\n\t\t\t\t<div class=\"elementor-element elementor-element-d61d283 elementor-widget elementor-widget-text-editor\" data-id=\"d61d283\" data-element_type=\"widget\" data-widget_type=\"text-editor.default\">\n\t\t\t\t<div class=\"elementor-widget-container\">\n\t\t\t\t\t\t\t\t\t<p>L\u2019application est nativement disponible en 3 langues.<br \/>Une fonction est disponible pour traduire facilement l\u2019ensemble de vos contenus.<\/p>\t\t\t\t\t\t\t\t<\/div>\n\t\t\t\t<\/div>\n\t\t\t\t<div class=\"elementor-element elementor-element-db40812 btn-bubble-b elementor-widget elementor-widget-motta-button\" data-id=\"db40812\" data-element_type=\"widget\" data-widget_type=\"motta-button.default\">\n\t\t\t\t<div class=\"elementor-widget-container\">\n\t\t\t\t\t\t\t<a class=\"motta-button motta-button-primary  motta-button--base  motta-button--medium\" href=\"https:\/\/inroom.fr\/en\/tarifs\/\">\n\t\t\t\t\t\t\t\t<span class=\"motta-button__icon motta-svg-icon motta-align-icon-right\">\n\t\t\t\t<svg aria-hidden=\"true\" class=\"e-font-icon-svg e-fas-arrow-right\" viewbox=\"0 0 448 512\" xmlns=\"http:\/\/www.w3.org\/2000\/svg\"><path d=\"M190.5 66.9l22.2-22.2c9.4-9.4 24.6-9.4 33.9 0L441 239c9.4 9.4 9.4 24.6 0 33.9L246.6 467.3c-9.4 9.4-24.6 9.4-33.9 0l-22.2-22.2c-9.5-9.5-9.3-25 .4-34.3L311.4 296H24c-13.3 0-24-10.7-24-24v-32c0-13.3 10.7-24 24-24h287.4L190.9 101.2c-9.8-9.3-10-24.8-.4-34.3z\"><\/path><\/svg>\t\t\t<\/span>\n\t\t\t\t\t\t\t\t\t<span class=\"motta-button__text\">D\u00e9marrer maintenant<\/span>\n\t\t\t\t\t\t<\/a>\n\t\t\t\t\t\t<\/div>\n\t\t\t\t<\/div>\n\t\t\t\t<\/div>\n\t\t<div class=\"elementor-element elementor-element-ad6908e e-con-full e-flex e-con e-child\" data-id=\"ad6908e\" data-element_type=\"container\">\n\t\t\t\t<div class=\"elementor-element elementor-element-8969fc1 e-transform e-transform elementor-widget elementor-widget-image\" data-id=\"8969fc1\" data-element_type=\"widget\" data-settings=\"{&quot;_transform_translateY_effect&quot;:{&quot;unit&quot;:&quot;px&quot;,&quot;size&quot;:78,&quot;sizes&quot;:[]},&quot;_transform_scale_effect&quot;:{&quot;unit&quot;:&quot;px&quot;,&quot;size&quot;:1,&quot;sizes&quot;:[]},&quot;_transform_translateX_effect&quot;:{&quot;unit&quot;:&quot;px&quot;,&quot;size&quot;:&quot;&quot;,&quot;sizes&quot;:[]},&quot;_transform_translateX_effect_tablet&quot;:{&quot;unit&quot;:&quot;px&quot;,&quot;size&quot;:&quot;&quot;,&quot;sizes&quot;:[]},&quot;_transform_translateX_effect_mobile&quot;:{&quot;unit&quot;:&quot;px&quot;,&quot;size&quot;:&quot;&quot;,&quot;sizes&quot;:[]},&quot;_transform_translateY_effect_tablet&quot;:{&quot;unit&quot;:&quot;px&quot;,&quot;size&quot;:&quot;&quot;,&quot;sizes&quot;:[]},&quot;_transform_translateY_effect_mobile&quot;:{&quot;unit&quot;:&quot;px&quot;,&quot;size&quot;:&quot;&quot;,&quot;sizes&quot;:[]},&quot;_transform_scale_effect_tablet&quot;:{&quot;unit&quot;:&quot;px&quot;,&quot;size&quot;:&quot;&quot;,&quot;sizes&quot;:[]},&quot;_transform_scale_effect_mobile&quot;:{&quot;unit&quot;:&quot;px&quot;,&quot;size&quot;:&quot;&quot;,&quot;sizes&quot;:[]}}\" data-widget_type=\"image.default\">\n\t\t\t\t<div class=\"elementor-widget-container\">\n\t\t\t\t\t\t\t\t\t\t\t\t\t\t\t<img fetchpriority=\"high\" decoding=\"async\" width=\"529\" height=\"354\" src=\"https:\/\/inroom.fr\/wp-content\/uploads\/2025\/03\/multilingue.png\" class=\"attachment-full size-full wp-image-2667\" alt=\"\" srcset=\"https:\/\/inroom.fr\/wp-content\/uploads\/2025\/03\/multilingue.png 529w, https:\/\/inroom.fr\/wp-content\/uploads\/2025\/03\/multilingue-300x201.png 300w, https:\/\/inroom.fr\/wp-content\/uploads\/2025\/03\/multilingue-18x12.png 18w\" sizes=\"(max-width: 529px) 100vw, 529px\" \/>\t\t\t\t\t\t\t\t\t\t\t\t\t\t\t<\/div>\n\t\t\t\t<\/div>\n\t\t\t\t<\/div>\n\t\t\t\t\t<\/div>\n\t\t\t\t<\/div>\n\t\t<div class=\"elementor-element elementor-element-16ff9b3 e-flex e-con-boxed e-con e-parent\" data-id=\"16ff9b3\" data-element_type=\"container\">\n\t\t\t\t\t<div class=\"e-con-inner\">\n\t\t\t\t\t<\/div>\n\t\t\t\t<\/div>\n\t\t\t\t<\/div>","protected":false},"excerpt":{"rendered":"<p>Fonctionnalit\u00e9s &gt; Multilingue Multilingue Communiquez avec vos clients internationaux dans 3 langues (assist\u00e9 par IA) Essai gratuit (30 jours) Demander une d\u00e9mo Traduction du livret d&rsquo;accueil L\u2019application est nativement disponible en 3 langues.Une fonction est disponible pour traduire facilement l\u2019ensemble de vos contenus. D\u00e9marrer maintenant<\/p>","protected":false},"author":1,"featured_media":0,"parent":101,"menu_order":0,"comment_status":"closed","ping_status":"closed","template":"","meta":{"footnotes":""},"class_list":["post-2349","page","type-page","status-publish","hentry"],"_links":{"self":[{"href":"https:\/\/inroom.fr\/en\/wp-json\/wp\/v2\/pages\/2349","targetHints":{"allow":["GET"]}}],"collection":[{"href":"https:\/\/inroom.fr\/en\/wp-json\/wp\/v2\/pages"}],"about":[{"href":"https:\/\/inroom.fr\/en\/wp-json\/wp\/v2\/types\/page"}],"author":[{"embeddable":true,"href":"https:\/\/inroom.fr\/en\/wp-json\/wp\/v2\/users\/1"}],"replies":[{"embeddable":true,"href":"https:\/\/inroom.fr\/en\/wp-json\/wp\/v2\/comments?post=2349"}],"version-history":[{"count":38,"href":"https:\/\/inroom.fr\/en\/wp-json\/wp\/v2\/pages\/2349\/revisions"}],"predecessor-version":[{"id":3155,"href":"https:\/\/inroom.fr\/en\/wp-json\/wp\/v2\/pages\/2349\/revisions\/3155"}],"up":[{"embeddable":true,"href":"https:\/\/inroom.fr\/en\/wp-json\/wp\/v2\/pages\/101"}],"wp:attachment":[{"href":"https:\/\/inroom.fr\/en\/wp-json\/wp\/v2\/media?parent=2349"}],"curies":[{"name":"wp","href":"https:\/\/api.w.org\/{rel}","templated":true}]}}