{"id":1625,"date":"2025-01-29T16:20:59","date_gmt":"2025-01-29T16:20:59","guid":{"rendered":"https:\/\/inroom.fr\/?page_id=1625"},"modified":"2025-01-29T16:25:20","modified_gmt":"2025-01-29T16:25:20","slug":"confidentialite","status":"publish","type":"page","link":"https:\/\/inroom.fr\/en\/confidentialite\/","title":{"rendered":"Confidentialit\u00e9"},"content":{"rendered":"<div data-elementor-type=\"wp-page\" data-elementor-id=\"1625\" class=\"elementor elementor-1625\" data-elementor-post-type=\"page\">\n\t\t\t\t<div class=\"elementor-element elementor-element-574616e9 e-flex e-con-boxed e-con e-parent\" data-id=\"574616e9\" data-element_type=\"container\">\n\t\t\t\t\t<div class=\"e-con-inner\">\n\t\t\t\t<div class=\"elementor-element elementor-element-30920d0a elementor-widget elementor-widget-text-editor\" data-id=\"30920d0a\" data-element_type=\"widget\" data-widget_type=\"text-editor.default\">\n\t\t\t\t<div class=\"elementor-widget-container\">\n\t\t\t\t\t\t\t\t\t<p><\/p>\n<h3>Confidentialit\u00e9<\/h3>\n<p>La SAS NAVAWAY est propri\u00e9taire et administrateur du site www.inroom.fr et de l\u2019application mobile INROOM, qui sont immatricul\u00e9s au registre du commerce et des soci\u00e9t\u00e9s de Lyon sous le num\u00e9ro 902055904. Le si\u00e8ge social de la soci\u00e9t\u00e9 est situ\u00e9 au 23, rue Paupi\u00e8re \u2013 69270 Couzon-aux-Mont-d\u2019Or (France).<\/p>\n<p><br>Toute demande de renseignements concernant INROOM doit \u00eatre envoy\u00e9e \u00e0 l\u2019adresse \u00e9lectronique hello@inroom.fr ou \u00e0 l\u2019adresse postale du si\u00e8ge social indiqu\u00e9e ci-dessus.<\/p>\n<p><br><\/p>\n<h3>Description et nature des donn\u00e9es personnelles<\/h3>\n<p>Nous pouvons \u00eatre amen\u00e9s \u00e0 vous demander de nous fournir des donn\u00e9es personnelles vous concernant lors de l\u2019utilisation de l\u2019application mobile \u00ab INROOM \u00bb (ci-apr\u00e8s : \u00bb l\u2019Application \u00ab ) afin de nous permettre d\u2019utiliser les services fournis par INROOM (ci-apr\u00e8s : \u00bb les services \u00ab ).<br>Les donn\u00e9es personnelles sont toutes les informations qui permettent d\u2019identifier une personne, telles que vos nom et pr\u00e9nom, votre fonction, votre date de naissance, votre ville de r\u00e9sidence, votre adresse \u00e9lectronique et votre num\u00e9ro de t\u00e9l\u00e9phone. Elles comprennent \u00e9galement toute autre information que vous souhaitez partager avec nous \u00e0 votre sujet.<\/p>\n<p><br><\/p>\n<h3>But de cette politique<\/h3>\n<p>Cette politique de confidentialit\u00e9 a pour but de vous informer sur les moyens par lesquels nous obtenons vos informations personnelles, en pleine conformit\u00e9 avec tous vos droits.<\/p>\n<p><br>En cons\u00e9quence, nous vous informons que nous respectons la loi n\u00b0 78-17 du 6 janvier 1978 relative \u00e0 l\u2019informatique, aux fichiers et aux libert\u00e9s dans sa version actuelle dite \u00bb Informatique et Libert\u00e9s \u00bb et le r\u00e8glement (UE) 2016\/679 du 27 avril 2016 (ci-apr\u00e8s \u00ab RGPD \u00bb).<br>Identit\u00e9 du percepteur de donn\u00e9es<\/p>\n<p><br>Nous sommes ceux qui obtiennent et traitent vos informations personnelles. La SAS NAVAWAY, immatricul\u00e9e au registre du commerce et des soci\u00e9t\u00e9s de Lyon sous le num\u00e9ro 902055904, a son si\u00e8ge social au 23, rue Paupi\u00e8re \u2013 69270 Couzon-au-Monts-d\u2019Or (France) (\u00ab Nous \u00bb).<br>Nos bases l\u00e9gales<\/p>\n<p><br>Nous r\u00e9cup\u00e9rons, disposons, partageons et traitons les informations que nous avons en notre possession \u00e0 votre sujet sur un certain nombre de bases juridiques, notamment celles d\u00e9crites dans la pr\u00e9sente politique de confidentialit\u00e9 :<br>\u2022 Nous nous efforcerons de pr\u00e9server votre vie priv\u00e9e et de nous conformer \u00e0 toutes les lois applicables. Nous devons avoir acc\u00e8s \u00e0 vos donn\u00e9es de localisation afin de fournir les Services et de remplir nos obligations en vertu des Conditions d\u2019utilisation. Par exemple, nous ne pouvons pas vous fournir les Services que vous seriez en droit d\u2019attendre si nous n\u2019avons pas acc\u00e8s \u00e0 vos donn\u00e9es de localisation.<\/p>\n<p><br>\u2022 \u00c0 partir du moment o\u00f9 vous avez donn\u00e9 votre accord ;<br>\u2022 Lorsque cela s\u2019av\u00e8re n\u00e9cessaire pour se conformer \u00e0 une ordonnance du tribunal, remplir une obligation l\u00e9gale, ou d\u00e9fendre et faire valoir des revendications l\u00e9gales ;<br>\u2022 En prot\u00e9geant vos int\u00e9r\u00eats vitaux ou ceux d\u2019autres personnes, par exemple, en cas d\u2019urgence ;<br>\u2022 Lorsqu\u2019il s\u2019agit d\u2019activit\u00e9s qui ont lieu sur nos plateformes et, le cas \u00e9ch\u00e9ant, aux fins de nos int\u00e9r\u00eats l\u00e9gitimes ou de ceux d\u2019un tiers tels que la protection de nos utilisateurs, la collaboration avec eux et la maintenance des services.<br>R\u00e9colte de donn\u00e9es personnelles<br>La partie profil de notre application demande des informations personnelles. Nous recueillons des donn\u00e9es vous concernant, y compris des informations qui vous sont clairement identifiables, par le biais de la section profil de l\u2019application.<br>Nous vous informons si des donn\u00e9es sp\u00e9cifiques sont requises ou facultatives lors de la collecte de vos informations personnelles. L\u2019utilisation de nos services exige des donn\u00e9es essentielles. Vous avez la possibilit\u00e9 de refuser de fournir des donn\u00e9es facultatives. Nous vous expliquons \u00e9galement les cons\u00e9quences potentielles d\u2019une absence de r\u00e9ponse.<\/p>\n<p><br>Nous recueillons les donn\u00e9es suivantes avec votre accord :<br>\u2022 Pr\u00e9nom et nom<br>\u2022 Adresse e-mail<br>\u2022 Civilit\u00e9<br>\u2022 Votre commune d\u2019origine<br>\u2022 Date de naissance<br>\u2022 Num\u00e9ro de t\u00e9l\u00e9phone<br>Nous serons les seuls d\u00e9tenteurs de vos informations et ne les utiliserons que de la mani\u00e8re d\u00e9crite dans le pr\u00e9sent accord.<br>Des services tiers tels que Google, Facebook, Apple et Mapbox, sont utilis\u00e9s par l\u2019application.<\/p>\n<p><br><\/p>\n<h3>D\u00e9claration du Lieu<\/h3>\n<p>Lorsque vous cr\u00e9ez un compte et utilisez les services, nous recueillons et traitons des informations g\u00e9ographiques.<br>Lorsque vous n\u2019utilisez pas l\u2019application, nous ne suivons pas les d\u00e9placements de votre appareil, mais pour pouvoir offrir les principales fonctionnalit\u00e9s de l\u2019application, nous devons surveiller votre position pendant que vous l\u2019utilisez.<br>Vous pouvez arr\u00eater le suivi de votre appareil \u00e0 tout moment en rectifiant les param\u00e8tres de votre appareil.<br>De quelle fa\u00e7on l\u2019application utilise les donn\u00e9es<\/p>\n<p><br>Comme vous pouvez le constater, l\u2019application est assez simple. Elle utilise les donn\u00e9es que nous recueillons et acqu\u00e9rons comme d\u00e9crites ci-dessous :<\/p>\n<p><br>\u2022 Nous utilisons les donn\u00e9es que nous recueillons et recevons pour fournir les services, par exemple en vous permettant d\u2019enregistrer vos activit\u00e9s et d\u2019\u00e9valuer vos mesures.<br>\u2022 Vous aider \u00e0 choisir les itin\u00e9raires les plus appropri\u00e9s pour atteindre votre objectif.<br>\u2022 Pour personnaliser votre visite : nous utilisons les donn\u00e9es que nous recueillons \u00e0 votre sujet et \u00e0 vos interactions pass\u00e9es avec nous pour personnaliser votre parcours, par exemple en vous sugg\u00e9rant de nouveaux lieux \u00e0 proximit\u00e9.<br>\u2022 Nous utilisons les donn\u00e9es que nous collectons pour am\u00e9liorer nos services en faisant appel, notamment, \u00e0 des soci\u00e9t\u00e9s d\u2019analyse tierces pour obtenir des informations sur la fa\u00e7on dont les personnes utilisent nos offres, le but \u00e9tant de nous aider \u00e0 les am\u00e9liorer.<br>\u2022 Afin de communiquer avec vous : nous utiliserons les informations que nous recueillons pour r\u00e9pondre \u00e0 vos demandes et commentaires. Nous pouvons \u00e9galement utiliser les donn\u00e9es que nous recueillons \u00e0 des fins de marketing et de promotion, comme la promotion et la publicit\u00e9 de l\u2019application, des activit\u00e9s, des \u00e9v\u00e9nements et d\u2019autres biens ou services commerciaux. Cela inclut les communications marketing et push auxquelles vous n\u2019avez pas r\u00e9pondu par la n\u00e9gative.<br>\u2022 Pour s\u2019accorder \u00e0 nos exigences l\u00e9gales et r\u00e9glementaires.<br>\u2022 Nous utilisons les donn\u00e9es que nous recueillons et recevons pour fournir les services, par exemple en vous permettant d\u2019enregistrer vos activit\u00e9s et d\u2019\u00e9valuer vos mesures.<br>\u2022 Vous aider \u00e0 choisir les itin\u00e9raires les plus appropri\u00e9s pour atteindre votre objectif.<br>\u2022 Pour personnaliser votre visite : nous utilisons les donn\u00e9es que nous recueillons \u00e0 votre sujet et \u00e0 vos interactions pass\u00e9es avec nous pour personnaliser votre parcours, par exemple en vous sugg\u00e9rant de nouveaux lieux \u00e0 proximit\u00e9.<br>\u2022 Nous utilisons les donn\u00e9es que nous collectons pour am\u00e9liorer nos services en faisant appel, notamment, \u00e0 des soci\u00e9t\u00e9s d\u2019analyse tierces pour obtenir des informations sur la fa\u00e7on dont les personnes utilisent nos offres, le but \u00e9tant de nous aider \u00e0 les am\u00e9liorer.<br>\u2022 Afin de communiquer avec vous : nous utiliserons les informations que nous recueillons pour r\u00e9pondre \u00e0 vos demandes et commentaires. Nous pouvons \u00e9galement utiliser les donn\u00e9es que nous recueillons \u00e0 des fins de marketing et de promotion, comme la promotion et la publicit\u00e9 de l\u2019application, des activit\u00e9s, des \u00e9v\u00e9nements et d\u2019autres biens ou services commerciaux. Cela inclut les communications marketing et push auxquelles vous n\u2019avez pas r\u00e9pondu par la n\u00e9gative.<br>\u2022 Pour s\u2019accorder \u00e0 nos exigences l\u00e9gales et r\u00e9glementaires.<\/p>\n<p><br><\/p>\n<h3>Donn\u00e9es du journal<\/h3>\n<p>Nous souhaitons vous informer qu\u2019en cas de d\u00e9faut de l\u2019application lorsque vous utilisez notre service, nous collectons des donn\u00e9es et des informations (via des produits tiers) \u00e0 partir de votre t\u00e9l\u00e9phone, appel\u00e9es donn\u00e9es du journal. Ces donn\u00e9es peuvent contenir des pr\u00e9cisions comme l\u2019adresse IP de votre mat\u00e9riel, le nom de votre appareil, la version de votre syst\u00e8me d\u2019exploitation, la configuration de l\u2019application lors de l\u2019exploitation de notre application, l\u2019heure et la date d\u2019utilisation et d\u2019autres informations.<\/p>\n<p><br><\/p>\n<h3>Liens vers d\u2019autres sites<\/h3>\n<p>Nous vous informons que certains des liens figurant sur cette page peuvent vous diriger vers des sites tiers. Si vous cliquez sur un lien tiers, vous serez dirig\u00e9 vers le site en question. Veuillez noter que ces pages Web externes ne sont pas g\u00e9r\u00e9es par nous. Par cons\u00e9quent, nous ne pouvons garantir le contenu, les politiques ou les pratiques de ces sites tiers. Nous vous recommandons fortement de prendre connaissance de leur politique de confidentialit\u00e9.<\/p>\n<p><br><\/p>\n<h3>Destinataires des donn\u00e9es collect\u00e9es<\/h3>\n<p>Les informations personnelles sont partag\u00e9es avec des tiers, dans le respect de vos pr\u00e9f\u00e9rences, et si cela est n\u00e9cessaire pour exploiter notre entreprise, fournir les services, et lorsque la loi l\u2019exige.<\/p>\n<p><br>Par cons\u00e9quent, il se peut que nous communiquions des informations vous concernant \u00e0 des tiers qui travaillent pour le compte de notre entreprise en fournissant l\u2019assistance, l\u2019am\u00e9lioration, la publicit\u00e9 et la s\u00e9curisation de nos services. Ces prestataires de services n\u2019ont acc\u00e8s qu\u2019aux donn\u00e9es n\u00e9cessaires pour effectuer ces t\u00e2ches essentielles en notre nom et sont tenus de les pr\u00e9server et de les s\u00e9curiser.<br>Les huissiers, les agents et les agences de recouvrement de cr\u00e9ances peuvent tous avoir acc\u00e8s \u00e0 vos informations personnelles pour des raisons qui rel\u00e8vent strictement de nos obligations l\u00e9gales.<\/p>\n<p><br>Nous vous permettons de connecter les services \u00e0 des applications, plugins et sites Web tiers qui s\u2019y int\u00e8grent, ainsi qu\u2019\u00e0 des tiers qui travaillent avec l\u2019application pour fournir des fonctionnalit\u00e9s int\u00e9gr\u00e9es comme un sponsor de d\u00e9fi ou un dispositif de suivi. Vous avez la possibilit\u00e9 de partager vos donn\u00e9es de profil et vos donn\u00e9es d\u2019activit\u00e9 (activit\u00e9s priv\u00e9es inclues). Les donn\u00e9es que ces tiers collectent \u00e9tant r\u00e9gies par leurs r\u00e8gles et politiques, vous devez les lire attentivement. Nous ne sommes pas responsables des conditions ou des pratiques de ces tiers.<\/p>\n<p><br><\/p>\n<h3>Transfert de donn\u00e9es personnelles<\/h3>\n<p>Nous ne c\u00e9dons pas, ne louons pas et ne partageons pas vos donn\u00e9es personnelles.<br>Vous pouvez fournir des informations \u00e0 l\u2019application, qu\u2019elle peut combiner avec d\u2019autres donn\u00e9es que vous et d\u2019autres personnes avez fournies en relation avec les services et les publier publiquement ou les partager avec d\u2019autres.<\/p>\n<p><br><\/p>\n<h3>Temps de stockage<\/h3>\n<p>Nous gardons les donn\u00e9es tant que nous en avons besoin pour vous fournir les Services, sous r\u00e9serve de toute obligation l\u00e9gale de conserver davantage ces donn\u00e9es. La plupart des informations de votre compte conserv\u00e9es jusqu\u2019\u00e0 ce que vous cessiez d\u2019utiliser les services ou jusqu\u2019\u00e0 ce que votre compte soit r\u00e9sili\u00e9. Vous avez la possibilit\u00e9 de supprimer plusieurs \u00e9l\u00e9ments d\u2019information (comme des informations personnelles) sans fermer votre compte.<\/p>\n<p><br><h3>Protection de vos informations<\/h3>Nous prenons au s\u00e9rieux la confiance que vous nous accordez en partageant vos informations personnelles, c\u2019est pourquoi nous nous effor\u00e7ons d\u2019employer des mesures de s\u00e9curit\u00e9 commercialement acceptables. Cependant, gardez \u00e0 l\u2019esprit qu\u2019aucune m\u00e9thode de transmission sur Internet, ni aucune forme de stockage \u00e9lectronique, n\u2019est jamais s\u00fbre et fiable \u00e0 100 % ; nous ne pouvons pas promettre une s\u00e9curit\u00e9 totale.<\/p><p><br>Nous prenons un certain nombre de pr\u00e9cautions afin de s\u00e9curiser les donn\u00e9es que nous recueillons. Nous utilisons des mesures de s\u00e9curit\u00e9 appropri\u00e9es pour vos informations, qui sont proportionnelles \u00e0 leur sensibilit\u00e9. Les informations personnelles sont crypt\u00e9es \u00e0 l\u2019aide de la technologie SSL (Secure Sockets Layer) standard de l\u2019industrie lorsqu\u2019elles sont transmises via les services. Nous travaillons avec les leaders du secteur de la s\u00e9curit\u00e9 en ligne et de la v\u00e9rification des services pour am\u00e9liorer la s\u00e9curit\u00e9 de nos services. Votre navigateur peut confirmer notre identit\u00e9 avant d\u2019envoyer toute information personnelle, car les Services sont certifi\u00e9s par des organismes d\u2019identification de sites. Nos serveurs sont \u00e9galement \u00e9quip\u00e9s d\u2019une technologie avanc\u00e9e de pare-feu, ce qui garantit la s\u00e9curit\u00e9 de vos donn\u00e9es sensibles.<\/p><p><br><h3>Acc\u00e8s \u00e0 vos donn\u00e9es personnelles<\/h3>Vous avez le droit d\u2019obtenir la notification des violations de donn\u00e9es et, si n\u00e9cessaire, leur modification ou leur effacement en vertu de la loi n\u00b0 78-17 du 6 janvier 1978 relative \u00e0 l\u2019informatique, aux fichiers et aux libert\u00e9s ainsi que du RGPD. Vous pouvez nous contacter \u00e0 l\u2019adresse suivante :<\/p><p><br>Adresse \u00e9lectronique : hello@inroom.fr<br>Adresse postale : INROOM \u2013 23, rue Paupi\u00e8re \u2013 69270 Couzon-au-Monts-d\u2019Or<\/p><p><br>Toute personne peut, sur la base de motifs l\u00e9gitimes, s\u2019opposer l\u00e9galement au traitement des informations la concernant. Toutefois, nous pouvons continuer \u00e0 traiter vos donn\u00e9es s\u2019il existe des raisons imp\u00e9rieuses pour le traitement qui l\u2019emportent sur vos droits et libert\u00e9s, ou si le traitement est n\u00e9cessaire pour instaurer, mettre en pratique ou d\u00e9fendre nos droits l\u00e9gaux.<\/p><p><br><h3>\u00c9tablir les instructions pour le traitement des donn\u00e9es apr\u00e8s votre d\u00e9c\u00e8s<\/h3>Vous avez le droit d\u2019\u00e9tablir des instructions pour la conservation, la suppression et la publication de vos donn\u00e9es personnelles apr\u00e8s votre d\u00e9c\u00e8s.<\/p><p><br>Ces instructions peuvent \u00eatre larges et couvrir l\u2019ensemble de vos donn\u00e9es personnelles. Dans ce cas, elles doivent \u00eatre soumises \u00e0 une entit\u00e9 tierce num\u00e9rique r\u00e9put\u00e9e et agr\u00e9\u00e9e par la CNIL.<\/p><p><br>Des instructions d\u00e9taill\u00e9es peuvent \u00e9galement \u00eatre adapt\u00e9es aux donn\u00e9es trait\u00e9es par notre entreprise. Dans ces conditions, veuillez nous les adresser \u00e0 l\u2019adresse suivante :<\/p><p><br>Adresse \u00e9lectronique : hello@inroom.fr<br>Adresse postale : INROOM \u2013 23, rue Paupi\u00e8re \u2013 69270 Couzon-au-Monts-d\u2019Or<\/p><p><br>En soumettant de telles instructions, vous acceptez le stockage, la transmission et l\u2019ex\u00e9cution de ces instructions conform\u00e9ment aux conditions du pr\u00e9sent accord.<\/p><p><br>Vous pouvez d\u00e9terminer dans vos instructions qui sera charg\u00e9 de leur mise en \u0153uvre. Cette personne aura alors le pouvoir, \u00e0 votre d\u00e9c\u00e8s, de consulter les instructions et de nous demander de les ex\u00e9cuter. Si aucun nom en particulier n\u2019appara\u00eet, vos h\u00e9ritiers pourront consulter vos instructions apr\u00e8s votre d\u00e9c\u00e8s et nous demander de les ex\u00e9cuter.<\/p><p><br>En nous le demandant par \u00e9crit \u00e0 l\u2019adresse ci-dessus, vous pouvez modifier ou annuler vos instructions \u00e0 tout moment.<\/p><p><br><h3>Portabilit\u00e9 de vos donn\u00e9es personnelles<\/h3>Vous avez le droit de transf\u00e9rer vos donn\u00e9es personnelles \u00e0 toute autre entit\u00e9, \u00e0 condition que vous ayez donn\u00e9 votre consentement et que la loi ne l\u2019interdise pas. Pour m\u00e9moire, ce droit ne s\u2019\u00e9tend pas aux donn\u00e9es collect\u00e9es et trait\u00e9es l\u00e9galement sur la base du consentement ou de l\u2019ex\u00e9cution d\u2019un contrat qui nous lie.<\/p><p><br>Ce droit s\u2019applique sans co\u00fbt suppl\u00e9mentaire, lorsque vous le souhaitez, notamment lors de la cl\u00f4ture de votre compte sur l\u2019Application, afin de reprendre et de garder vos donn\u00e9es personnelles.<\/p><p><br>Dans ce cas, nous vous adresserons vos informations personnelles, de toutes les fa\u00e7ons jug\u00e9es utiles, dans un format standard ouvert commun\u00e9ment employ\u00e9 et lisible par machine, selon l\u2019\u00e9tat de la technique.<\/p><p><br><h3>D\u00e9poser une plainte aupr\u00e8s d\u2019un organisme de contr\u00f4le<\/h3>Nous vous informons \u00e9galement que vous avez la possibilit\u00e9 de d\u00e9poser une plainte aupr\u00e8s de l\u2019autorit\u00e9 de surveillance comp\u00e9tente de l\u2019\u00c9tat membre dans lequel vous r\u00e9sidez (la Commission Nationale Informatique et Libert\u00e9s pour la France), travaillez ou dans lequel vous estimez que vos droits ont \u00e9t\u00e9 viol\u00e9s si vous pensez que vos donn\u00e9es personnelles ne sont pas trait\u00e9es correctement.<br>Un droit d\u2019acc\u00e8s l\u00e9gal permet de contester les entreprises devant les autorit\u00e9s de contr\u00f4le si elles refusent de satisfaire \u00e0 leurs obligations en vertu de la l\u00e9gislation europ\u00e9enne sur la protection des donn\u00e9es. Vous pouvez faire valoir ce droit sans pr\u00e9judice de tout autre recours devant une instance gouvernementale ou judiciaire. Vous avez la possibilit\u00e9 d\u2019obtenir un recours administratif ou judiciaire si vous estimez que les donn\u00e9es \u00e0 caract\u00e8re personnel vous concernant n\u2019ont pas \u00e9t\u00e9 respect\u00e9es.<\/p><p><br><h3>Limitation du traitement<\/h3>Vous avez le droit de demander que l\u2019utilisation de vos donn\u00e9es personnelles soit limit\u00e9e dans les situations suivantes :<br>\u2022 Pendant l\u2019\u00e9tape de v\u00e9rification effectu\u00e9e par nos services, lorsque vous contestez l\u2019exactitude de vos donn\u00e9es personnelles.<br>\u2022 Lorsque vos donn\u00e9es personnelles font l\u2019objet d\u2019un traitement ill\u00e9gal et que vous souhaitez diminuer l\u2019acc\u00e8s plut\u00f4t que de les supprimer,<br>\u2022 Lorsque vos donn\u00e9es personnelles ne sont plus n\u00e9cessaires pour notre soci\u00e9t\u00e9, mais que vous souhaitez les pr\u00e9server afin d\u2019exercer vos droits,<br>\u2022 Lorsque vous \u00eates en d\u00e9saccord avec l\u2019utilisation de vos donn\u00e9es personnelles lors du contr\u00f4le des motifs l\u00e9gitimes,<br>Modifications<br>Nous pouvons modifier notre politique de confidentialit\u00e9 \u00e0 tout moment. Par cons\u00e9quent, nous vous conseillons de consulter r\u00e9guli\u00e8rement cette page pour prendre connaissance des modifications \u00e9ventuelles. Nous vous pr\u00e9viendrons de toute modification en mettant \u00e0 jour la nouvelle politique de confidentialit\u00e9 sur cette page.<\/p><p><br><h3>Nous joindre<\/h3>Veuillez nous contacter, si vous avez des questions ou des suggestions concernant notre politique de confidentialit\u00e9, \u00e0 : hello@inroom.fr<\/p>\t\t\t\t\t\t\t\t<\/div>\n\t\t\t\t<\/div>\n\t\t\t\t\t<\/div>\n\t\t\t\t<\/div>\n\t\t\t\t<\/div>","protected":false},"excerpt":{"rendered":"<p>Confidentialit\u00e9 La SAS NAVAWAY est propri\u00e9taire et administrateur du site www.inroom.fr et de l\u2019application mobile INROOM, qui sont immatricul\u00e9s au registre du commerce et des soci\u00e9t\u00e9s de Lyon sous le num\u00e9ro 902055904. Le si\u00e8ge social de la soci\u00e9t\u00e9 est situ\u00e9 au 23, rue Paupi\u00e8re \u2013 69270 Couzon-aux-Mont-d\u2019Or (France). Toute demande de renseignements concernant INROOM doit [&hellip;]<\/p>","protected":false},"author":1,"featured_media":0,"parent":0,"menu_order":0,"comment_status":"closed","ping_status":"closed","template":"","meta":{"footnotes":""},"class_list":["post-1625","page","type-page","status-publish","hentry"],"_links":{"self":[{"href":"https:\/\/inroom.fr\/en\/wp-json\/wp\/v2\/pages\/1625","targetHints":{"allow":["GET"]}}],"collection":[{"href":"https:\/\/inroom.fr\/en\/wp-json\/wp\/v2\/pages"}],"about":[{"href":"https:\/\/inroom.fr\/en\/wp-json\/wp\/v2\/types\/page"}],"author":[{"embeddable":true,"href":"https:\/\/inroom.fr\/en\/wp-json\/wp\/v2\/users\/1"}],"replies":[{"embeddable":true,"href":"https:\/\/inroom.fr\/en\/wp-json\/wp\/v2\/comments?post=1625"}],"version-history":[{"count":5,"href":"https:\/\/inroom.fr\/en\/wp-json\/wp\/v2\/pages\/1625\/revisions"}],"predecessor-version":[{"id":2097,"href":"https:\/\/inroom.fr\/en\/wp-json\/wp\/v2\/pages\/1625\/revisions\/2097"}],"wp:attachment":[{"href":"https:\/\/inroom.fr\/en\/wp-json\/wp\/v2\/media?parent=1625"}],"curies":[{"name":"wp","href":"https:\/\/api.w.org\/{rel}","templated":true}]}}